{"id":3,"date":"2025-04-10T11:35:39","date_gmt":"2025-04-10T09:35:39","guid":{"rendered":"https:\/\/www.stoprodent.com\/?page_id=3"},"modified":"2025-05-24T07:51:44","modified_gmt":"2025-05-24T05:51:44","slug":"privacy-policy","status":"publish","type":"page","link":"https:\/\/www.ferberenterprises.com\/se\/privacy-policy\/","title":{"rendered":"Integritetspolicy"},"content":{"rendered":"<h3 class=\"wp-block-heading\">Insamling av information<\/h3>\n\n\n\n<p>Vi samlar in information n\u00e4r du registrerar dig p\u00e5 v\u00e5r webbplats, loggar in p\u00e5 ditt konto, g\u00f6r ett k\u00f6p, deltar i en t\u00e4vling och\/eller loggar ut. Den information som samlas in omfattar ditt namn, din e-postadress, ditt telefonnummer och\/eller ditt kreditkort. Dessutom tar vi automatiskt emot och registrerar information fr\u00e5n din dator och webbl\u00e4sare, inklusive din IP-adress, programvara och maskinvara och den sida du beg\u00e4r.<\/p>\n\n\n\n<h3 class=\"wp-block-heading\">Anv\u00e4ndning av information\u00a0<\/h3>\n\n\n\n<p>All information som vi samlar in fr\u00e5n dig kan anv\u00e4ndas f\u00f6r att: - Anpassa din upplevelse och tillgodose dina individuella behov - Tillhandah\u00e5lla personligt anpassat reklaminneh\u00e5ll - F\u00f6rb\u00e4ttra v\u00e5r webbplats - F\u00f6rb\u00e4ttra kundtj\u00e4nst och supportbehov - Kontakta dig via e-post - Administrera en t\u00e4vling, kampanj eller unders\u00f6kning<\/p>\n\n\n\n<h3 class=\"wp-block-heading\">Integritet vid e-handel\u00a0<\/h3>\n\n\n\n<p>Vi \u00e4r de enda \u00e4garna av den information som samlas in p\u00e5 denna webbplats. Din personliga information kommer inte att s\u00e4ljas, bytas, \u00f6verf\u00f6ras eller ges till n\u00e5got annat f\u00f6retag av n\u00e5gon anledning, utan ditt samtycke, annat \u00e4n vad som \u00e4r n\u00f6dv\u00e4ndigt f\u00f6r att uppfylla en f\u00f6rfr\u00e5gan och \/ eller transaktion, till exempel att skicka en order.<\/p>\n\n\n\n<h3 class=\"wp-block-heading\">Utl\u00e4mnande till tredje part\u00a0<\/h3>\n\n\n\n<p>Vi s\u00e4ljer, byter eller \u00f6verf\u00f6r inte din personligt identifierbara information till tredje part. Detta inkluderar inte betrodda tredje parter som hj\u00e4lper oss att driva v\u00e5r webbplats eller bedriva v\u00e5r verksamhet, s\u00e5 l\u00e4nge dessa parter samtycker till att h\u00e5lla denna information konfidentiell. Vi anser att det \u00e4r n\u00f6dv\u00e4ndigt att dela information f\u00f6r att unders\u00f6ka, f\u00f6rhindra eller vidta \u00e5tg\u00e4rder avseende olagliga aktiviteter, misst\u00e4nkt bedr\u00e4geri, situationer som inneb\u00e4r potentiella hot mot den fysiska s\u00e4kerheten f\u00f6r n\u00e5gon person, brott mot v\u00e5ra anv\u00e4ndarvillkor, eller n\u00e4r lagen kr\u00e4ver att vi g\u00f6r det. Icke-privata uppgifter kan dock l\u00e4mnas ut till andra parter f\u00f6r marknadsf\u00f6ring, reklam eller andra \u00e4ndam\u00e5l.<\/p>\n\n\n\n<p>Identiteten f\u00f6r de olika enheter som har tillg\u00e5ng till personuppgifter anges nedan:<\/p>\n\n\n\n<p>F\u00f6r moderbolaget:<\/p>\n\n\n\n<ul class=\"wp-block-list\">\n<li>F\u00f6retagets namn: Ferber Enterprises Limited<\/li>\n\n\n\n<li>F\u00f6retagsnummer: 136516C<\/li>\n\n\n\n<li>F\u00f6retagets direkt\u00f6r: Abigail Louise Reeder<\/li>\n\n\n\n<li>F\u00f6retagets huvudkontor: 9-11 Duke Street, IM1 2BB, Douglas, Isle of Man<\/li>\n\n\n\n<li>Juridisk form f\u00f6r f\u00f6retaget: Privat aktiebolag med begr\u00e4nsat ansvar<\/li>\n\n\n\n<li>E-postadress till f\u00f6retaget:\u00a0<a href=\"mailto:info@ferberenterprises.com\">info@ferberenterprises.com<\/a><\/li>\n\n\n\n<li>Webbhotellets namn, f\u00f6rnamn eller f\u00f6retagsnamn och adress: OVH SAS, 2 rue Kellermann, 59053 Roubaix, Frankrike<\/li>\n<\/ul>\n\n\n\n<p>F\u00f6r det f\u00f6retag som administrerar webbplatsen:<\/p>\n\n\n\n<ul class=\"wp-block-list\">\n<li>F\u00f6retagets namn: Ferber Entreprises Madagascar S.A.R.L.U.<\/li>\n\n\n\n<li>Organisationsnummer: 2019B00038<\/li>\n\n\n\n<li>Skatteidentifikationsnummer: 4003575715<\/li>\n\n\n\n<li>Direkt\u00f6r f\u00f6r f\u00f6retaget: Mahavonjy Zafindresamby<\/li>\n\n\n\n<li>F\u00f6retagets huvudkontor: 1 rue de l'\u00c9cole M\u00e9nag\u00e8re, 601, Tul\u00e9ar, Madagaskar<\/li>\n\n\n\n<li>Juridisk form f\u00f6r f\u00f6retaget: Enmansaktiebolag med begr\u00e4nsat ansvar<\/li>\n\n\n\n<li>E-postadress till f\u00f6retaget:\u00a0<a href=\"mailto:info@ferberenterprises.com\">info@ferberenterprises.com<\/a><\/li>\n<\/ul>\n\n\n\n<p>F\u00f6r det f\u00f6retag som ansvarar f\u00f6r logistiken:<\/p>\n\n\n\n<ul class=\"wp-block-list\">\n<li>F\u00f6retagets namn: Ferber Enterprises Czechia s.r.o.<\/li>\n\n\n\n<li>F\u00f6retagsnummer: 09309195<\/li>\n\n\n\n<li>Momsregistreringsnummer: CZ09309195<\/li>\n\n\n\n<li>Direkt\u00f6r f\u00f6r f\u00f6retaget: Zden\u011bk \u0160tembera<\/li>\n\n\n\n<li>F\u00f6retagets huvudkontor: Jirotova 375, Budova 35, 336 01, Blovice, Tjeckien<\/li>\n\n\n\n<li>Juridisk form f\u00f6r f\u00f6retaget: Aktiebolag med begr\u00e4nsat ansvar<\/li>\n\n\n\n<li>E-postadress till f\u00f6retaget:\u00a0<a href=\"mailto:info@ferberenterprises.com\">info@ferberenterprises.com<\/a><\/li>\n<\/ul>\n\n\n\n<h3 class=\"wp-block-heading\">Skydd av information<\/h3>\n\n\n\n<p>Vi vidtar en rad olika s\u00e4kerhets\u00e5tg\u00e4rder f\u00f6r att h\u00e5lla dina personuppgifter s\u00e4kra. Vi anv\u00e4nder toppmodern kryptering f\u00f6r att skydda k\u00e4nslig information som \u00f6verf\u00f6rs online. Vi skyddar \u00e4ven din information offline. Endast anst\u00e4llda som beh\u00f6ver utf\u00f6ra ett specifikt jobb (till exempel fakturering eller kundtj\u00e4nst) har tillg\u00e5ng till personligt identifierbar information. Datorer och servrar som anv\u00e4nds f\u00f6r att lagra personligt identifierbar information f\u00f6rvaras i en s\u00e4ker milj\u00f6.<\/p>\n\n\n\n<h3 class=\"wp-block-heading\">Avsluta prenumeration<\/h3>\n\n\n\n<p>Vi anv\u00e4nder den e-postadress som du anger f\u00f6r att skicka information och uppdateringar som r\u00f6r din best\u00e4llning, tillf\u00e4lliga f\u00f6retagsnyheter, relaterad produktinformation etc. Om du n\u00e4r som helst vill avregistrera dig fr\u00e5n att ta emot e-postmeddelanden finns detaljerade instruktioner f\u00f6r avregistrering l\u00e4ngst ner i varje e-postmeddelande.<\/p>\n\n\n\n<h3 class=\"wp-block-heading\">Samtycke<\/h3>\n\n\n\n<p>Genom att anv\u00e4nda v\u00e5r webbplats godk\u00e4nner du v\u00e5r integritetspolicy.<\/p>","protected":false},"excerpt":{"rendered":"<p>Collection of information We collect information when you register on our site, log into your account, make a purchase, enter a contest, and\/or log out. Information collected includes your name, email address, phone number, and\/or credit card. Additionally, we automatically receive and record information from your computer and browser, including your IP address, software and [&hellip;]<\/p>\n","protected":false},"author":1,"featured_media":0,"parent":0,"menu_order":0,"comment_status":"closed","ping_status":"closed","template":"","meta":{"_uag_custom_page_level_css":"","site-sidebar-layout":"default","site-content-layout":"","ast-site-content-layout":"default","site-content-style":"default","site-sidebar-style":"default","ast-global-header-display":"","ast-banner-title-visibility":"","ast-main-header-display":"","ast-hfb-above-header-display":"","ast-hfb-below-header-display":"","ast-hfb-mobile-header-display":"","site-post-title":"","ast-breadcrumbs-content":"","ast-featured-img":"","footer-sml-layout":"","ast-disable-related-posts":"","theme-transparent-header-meta":"","adv-header-id-meta":"","stick-header-meta":"","header-above-stick-meta":"","header-main-stick-meta":"","header-below-stick-meta":"","astra-migrate-meta-layouts":"set","ast-page-background-enabled":"default","ast-page-background-meta":{"desktop":{"background-color":"","background-image":"","background-repeat":"repeat","background-position":"center center","background-size":"auto","background-attachment":"scroll","background-type":"","background-media":"","overlay-type":"","overlay-color":"","overlay-opacity":"","overlay-gradient":""},"tablet":{"background-color":"","background-image":"","background-repeat":"repeat","background-position":"center center","background-size":"auto","background-attachment":"scroll","background-type":"","background-media":"","overlay-type":"","overlay-color":"","overlay-opacity":"","overlay-gradient":""},"mobile":{"background-color":"","background-image":"","background-repeat":"repeat","background-position":"center center","background-size":"auto","background-attachment":"scroll","background-type":"","background-media":"","overlay-type":"","overlay-color":"","overlay-opacity":"","overlay-gradient":""}},"ast-content-background-meta":{"desktop":{"background-color":"var(--ast-global-color-5)","background-image":"","background-repeat":"repeat","background-position":"center center","background-size":"auto","background-attachment":"scroll","background-type":"","background-media":"","overlay-type":"","overlay-color":"","overlay-opacity":"","overlay-gradient":""},"tablet":{"background-color":"var(--ast-global-color-5)","background-image":"","background-repeat":"repeat","background-position":"center center","background-size":"auto","background-attachment":"scroll","background-type":"","background-media":"","overlay-type":"","overlay-color":"","overlay-opacity":"","overlay-gradient":""},"mobile":{"background-color":"var(--ast-global-color-5)","background-image":"","background-repeat":"repeat","background-position":"center center","background-size":"auto","background-attachment":"scroll","background-type":"","background-media":"","overlay-type":"","overlay-color":"","overlay-opacity":"","overlay-gradient":""}},"footnotes":""},"class_list":["post-3","page","type-page","status-publish","hentry"],"spectra_custom_meta":{"_wp_page_template":["default"],"_wpml_word_count":["1292"],"_edit_lock":["1748065904:1"],"_wpml_location_migration_done":["1"],"_edit_last":["1"],"_wpml_media_duplicate":["1"],"_wpml_media_featured":["1"],"rank_math_news_sitemap_robots":["index"],"rank_math_robots":["a:1:{i:0;s:5:\"index\";}"],"_uag_custom_page_level_css":[""],"site-sidebar-layout":["default"],"site-content-layout":[""],"ast-site-content-layout":["default"],"site-content-style":["default"],"site-sidebar-style":["default"],"ast-global-header-display":[""],"ast-banner-title-visibility":[""],"ast-main-header-display":[""],"ast-hfb-above-header-display":[""],"ast-hfb-below-header-display":[""],"ast-hfb-mobile-header-display":[""],"site-post-title":[""],"ast-breadcrumbs-content":[""],"ast-featured-img":[""],"footer-sml-layout":[""],"theme-transparent-header-meta":[""],"adv-header-id-meta":[""],"stick-header-meta":[""],"header-above-stick-meta":[""],"header-main-stick-meta":[""],"header-below-stick-meta":[""],"astra-migrate-meta-layouts":["set"],"ast-page-background-enabled":["default"],"ast-page-background-meta":["a:3:{s:7:\"desktop\";a:12:{s:16:\"background-color\";s:0:\"\";s:16:\"background-image\";s:0:\"\";s:17:\"background-repeat\";s:6:\"repeat\";s:19:\"background-position\";s:13:\"center center\";s:15:\"background-size\";s:4:\"auto\";s:21:\"background-attachment\";s:6:\"scroll\";s:15:\"background-type\";s:0:\"\";s:16:\"background-media\";s:0:\"\";s:12:\"overlay-type\";s:0:\"\";s:13:\"overlay-color\";s:0:\"\";s:15:\"overlay-opacity\";s:0:\"\";s:16:\"overlay-gradient\";s:0:\"\";}s:6:\"tablet\";a:12:{s:16:\"background-color\";s:0:\"\";s:16:\"background-image\";s:0:\"\";s:17:\"background-repeat\";s:6:\"repeat\";s:19:\"background-position\";s:13:\"center center\";s:15:\"background-size\";s:4:\"auto\";s:21:\"background-attachment\";s:6:\"scroll\";s:15:\"background-type\";s:0:\"\";s:16:\"background-media\";s:0:\"\";s:12:\"overlay-type\";s:0:\"\";s:13:\"overlay-color\";s:0:\"\";s:15:\"overlay-opacity\";s:0:\"\";s:16:\"overlay-gradient\";s:0:\"\";}s:6:\"mobile\";a:12:{s:16:\"background-color\";s:0:\"\";s:16:\"background-image\";s:0:\"\";s:17:\"background-repeat\";s:6:\"repeat\";s:19:\"background-position\";s:13:\"center center\";s:15:\"background-size\";s:4:\"auto\";s:21:\"background-attachment\";s:6:\"scroll\";s:15:\"background-type\";s:0:\"\";s:16:\"background-media\";s:0:\"\";s:12:\"overlay-type\";s:0:\"\";s:13:\"overlay-color\";s:0:\"\";s:15:\"overlay-opacity\";s:0:\"\";s:16:\"overlay-gradient\";s:0:\"\";}}"],"ast-content-background-meta":["a:3:{s:7:\"desktop\";a:12:{s:16:\"background-color\";s:25:\"var(--ast-global-color-5)\";s:16:\"background-image\";s:0:\"\";s:17:\"background-repeat\";s:6:\"repeat\";s:19:\"background-position\";s:13:\"center center\";s:15:\"background-size\";s:4:\"auto\";s:21:\"background-attachment\";s:6:\"scroll\";s:15:\"background-type\";s:0:\"\";s:16:\"background-media\";s:0:\"\";s:12:\"overlay-type\";s:0:\"\";s:13:\"overlay-color\";s:0:\"\";s:15:\"overlay-opacity\";s:0:\"\";s:16:\"overlay-gradient\";s:0:\"\";}s:6:\"tablet\";a:12:{s:16:\"background-color\";s:25:\"var(--ast-global-color-5)\";s:16:\"background-image\";s:0:\"\";s:17:\"background-repeat\";s:6:\"repeat\";s:19:\"background-position\";s:13:\"center center\";s:15:\"background-size\";s:4:\"auto\";s:21:\"background-attachment\";s:6:\"scroll\";s:15:\"background-type\";s:0:\"\";s:16:\"background-media\";s:0:\"\";s:12:\"overlay-type\";s:0:\"\";s:13:\"overlay-color\";s:0:\"\";s:15:\"overlay-opacity\";s:0:\"\";s:16:\"overlay-gradient\";s:0:\"\";}s:6:\"mobile\";a:12:{s:16:\"background-color\";s:25:\"var(--ast-global-color-5)\";s:16:\"background-image\";s:0:\"\";s:17:\"background-repeat\";s:6:\"repeat\";s:19:\"background-position\";s:13:\"center center\";s:15:\"background-size\";s:4:\"auto\";s:21:\"background-attachment\";s:6:\"scroll\";s:15:\"background-type\";s:0:\"\";s:16:\"background-media\";s:0:\"\";s:12:\"overlay-type\";s:0:\"\";s:13:\"overlay-color\";s:0:\"\";s:15:\"overlay-opacity\";s:0:\"\";s:16:\"overlay-gradient\";s:0:\"\";}}"],"footnotes":[""],"_elementor_edit_mode":[""],"_elementor_template_type":[""],"_elementor_data":[""],"_elementor_conditions":["a:0:{}"],"_uag_css_file_name":["uag-css-3.css"],"_uag_page_assets":["a:9:{s:3:\"css\";s:7156:\".uag-blocks-common-selector{z-index:var(--z-index-desktop) !important}@media (max-width: 976px){.uag-blocks-common-selector{z-index:var(--z-index-tablet) !important}}@media (max-width: 767px){.uag-blocks-common-selector{z-index:var(--z-index-mobile) !important}}\n.wp-block-uagb-image{display:flex}.wp-block-uagb-image__figure{position:relative;display:flex;flex-direction:column;max-width:100%;height:auto;margin:0}.wp-block-uagb-image__figure img{height:auto;display:flex;max-width:100%;transition:box-shadow 0.2s ease}.wp-block-uagb-image__figure>a{display:inline-block}.wp-block-uagb-image__figure figcaption{text-align:center;margin-top:0.5em;margin-bottom:1em}.wp-block-uagb-image .components-placeholder.block-editor-media-placeholder .components-placeholder__instructions{align-self:center}.wp-block-uagb-image--align-left{text-align:left}.wp-block-uagb-image--align-right{text-align:right}.wp-block-uagb-image--align-center{text-align:center}.wp-block-uagb-image--align-full .wp-block-uagb-image__figure{margin-left:calc(50% - 50vw);margin-right:calc(50% - 50vw);max-width:100vw;width:100vw;height:auto}.wp-block-uagb-image--align-full .wp-block-uagb-image__figure img{height:auto;width:100% !important}.wp-block-uagb-image--align-wide .wp-block-uagb-image__figure img{height:auto;width:100%}.wp-block-uagb-image--layout-overlay__color-wrapper{position:absolute;left:0;top:0;right:0;bottom:0;opacity:0.2;background:rgba(0,0,0,0.5);transition:opacity 0.35s ease-in-out}.wp-block-uagb-image--layout-overlay-link{position:absolute;left:0;right:0;bottom:0;top:0}.wp-block-uagb-image--layout-overlay .wp-block-uagb-image__figure:hover .wp-block-uagb-image--layout-overlay__color-wrapper{opacity:1}.wp-block-uagb-image--layout-overlay__inner{position:absolute;left:15px;right:15px;bottom:15px;top:15px;display:flex;align-items:center;justify-content:center;flex-direction:column;border-color:#fff;transition:0.35s ease-in-out}.wp-block-uagb-image--layout-overlay__inner.top-left,.wp-block-uagb-image--layout-overlay__inner.top-center,.wp-block-uagb-image--layout-overlay__inner.top-right{justify-content:flex-start}.wp-block-uagb-image--layout-overlay__inner.bottom-left,.wp-block-uagb-image--layout-overlay__inner.bottom-center,.wp-block-uagb-image--layout-overlay__inner.bottom-right{justify-content:flex-end}.wp-block-uagb-image--layout-overlay__inner.top-left,.wp-block-uagb-image--layout-overlay__inner.center-left,.wp-block-uagb-image--layout-overlay__inner.bottom-left{align-items:flex-start}.wp-block-uagb-image--layout-overlay__inner.top-right,.wp-block-uagb-image--layout-overlay__inner.center-right,.wp-block-uagb-image--layout-overlay__inner.bottom-right{align-items:flex-end}.wp-block-uagb-image--layout-overlay__inner .uagb-image-heading{color:#fff;transition:transform 0.35s, opacity 0.35s ease-in-out;transform:translate3d(0, 24px, 0);margin:0;line-height:1em}.wp-block-uagb-image--layout-overlay__inner .uagb-image-separator{width:30%;border-top-width:2px;border-top-color:#fff;border-top-style:solid;margin-bottom:10px;opacity:0;transition:transform 0.4s, opacity 0.4s ease-in-out;transform:translate3d(0, 30px, 0)}.wp-block-uagb-image--layout-overlay__inner .uagb-image-caption{opacity:0;overflow:visible;color:#fff;transition:transform 0.45s, opacity 0.45s ease-in-out;transform:translate3d(0, 35px, 0)}.wp-block-uagb-image--layout-overlay__inner:hover .uagb-image-heading,.wp-block-uagb-image--layout-overlay__inner:hover .uagb-image-separator,.wp-block-uagb-image--layout-overlay__inner:hover .uagb-image-caption{opacity:1;transform:translate3d(0, 0, 0)}.wp-block-uagb-image--effect-zoomin .wp-block-uagb-image__figure img,.wp-block-uagb-image--effect-zoomin .wp-block-uagb-image__figure .wp-block-uagb-image--layout-overlay__color-wrapper{transform:scale(1);transition:transform 0.35s ease-in-out}.wp-block-uagb-image--effect-zoomin .wp-block-uagb-image__figure:hover img,.wp-block-uagb-image--effect-zoomin .wp-block-uagb-image__figure:hover .wp-block-uagb-image--layout-overlay__color-wrapper{transform:scale(1.05)}.wp-block-uagb-image--effect-slide .wp-block-uagb-image__figure img,.wp-block-uagb-image--effect-slide .wp-block-uagb-image__figure .wp-block-uagb-image--layout-overlay__color-wrapper{width:calc(100% + 40px) !important;max-width:none !important;transform:translate3d(-40px, 0, 0);transition:transform 0.35s ease-in-out}.wp-block-uagb-image--effect-slide .wp-block-uagb-image__figure:hover img,.wp-block-uagb-image--effect-slide .wp-block-uagb-image__figure:hover .wp-block-uagb-image--layout-overlay__color-wrapper{transform:translate3d(0, 0, 0)}.wp-block-uagb-image--effect-grayscale img{filter:grayscale(0%);transition:0.35s ease-in-out}.wp-block-uagb-image--effect-grayscale:hover img{filter:grayscale(100%)}.wp-block-uagb-image--effect-blur img{filter:blur(0);transition:0.35s ease-in-out}.wp-block-uagb-image--effect-blur:hover img{filter:blur(3px)}\n.uagb-block-e6f939b3.wp-block-uagb-image--layout-default figure img{box-shadow: 0px 0px 0 #00000070;}.uagb-block-e6f939b3.wp-block-uagb-image .wp-block-uagb-image__figure figcaption{font-style: normal;align-self: center;}.uagb-block-e6f939b3.wp-block-uagb-image--layout-overlay figure img{box-shadow: 0px 0px 0 #00000070;}.uagb-block-e6f939b3.wp-block-uagb-image--layout-overlay .wp-block-uagb-image--layout-overlay__color-wrapper{opacity: 0.2;}.uagb-block-e6f939b3.wp-block-uagb-image--layout-overlay .wp-block-uagb-image--layout-overlay__inner{left: 15px;right: 15px;top: 15px;bottom: 15px;}.uagb-block-e6f939b3.wp-block-uagb-image--layout-overlay .wp-block-uagb-image--layout-overlay__inner .uagb-image-heading{font-style: normal;color: #fff;opacity: 1;}.uagb-block-e6f939b3.wp-block-uagb-image--layout-overlay .wp-block-uagb-image--layout-overlay__inner .uagb-image-heading a{color: #fff;}.uagb-block-e6f939b3.wp-block-uagb-image--layout-overlay .wp-block-uagb-image--layout-overlay__inner .uagb-image-caption{opacity: 0;}.uagb-block-e6f939b3.wp-block-uagb-image--layout-overlay .wp-block-uagb-image__figure:hover .wp-block-uagb-image--layout-overlay__color-wrapper{opacity: 1;}.uagb-block-e6f939b3.wp-block-uagb-image .wp-block-uagb-image--layout-overlay__inner .uagb-image-separator{width: 30%;border-top-width: 2px;border-top-color: #fff;opacity: 0;}.uagb-block-e6f939b3.wp-block-uagb-image .wp-block-uagb-image__figure img{width: px;height: auto;}.uagb-block-e6f939b3.wp-block-uagb-image .wp-block-uagb-image__figure:hover .wp-block-uagb-image--layout-overlay__inner .uagb-image-caption{opacity: 1;}.uagb-block-e6f939b3.wp-block-uagb-image .wp-block-uagb-image__figure:hover .wp-block-uagb-image--layout-overlay__inner .uagb-image-separator{opacity: 1;}.uagb-block-e6f939b3.wp-block-uagb-image--layout-default figure:hover img{box-shadow: 0px 0px 0 #00000070;}.uagb-block-e6f939b3.wp-block-uagb-image--layout-overlay figure:hover img{box-shadow: 0px 0px 0 #00000070;}@media only screen and (max-width: 976px) {.uagb-block-e6f939b3.wp-block-uagb-image .wp-block-uagb-image__figure img{width: px;height: auto;}}@media only screen and (max-width: 767px) {.uagb-block-e6f939b3.wp-block-uagb-image .wp-block-uagb-image__figure img{width: px;height: auto;}}\";s:2:\"js\";s:0:\"\";s:18:\"current_block_list\";a:16:{i:0;s:12:\"core\/heading\";i:1;s:14:\"core\/paragraph\";i:2;s:9:\"core\/list\";i:3;s:14:\"core\/list-item\";i:4;s:11:\"core\/search\";i:5;s:10:\"core\/group\";i:6;s:17:\"core\/latest-posts\";i:7;s:20:\"core\/latest-comments\";i:8;s:13:\"core\/archives\";i:9;s:15:\"core\/categories\";i:10;s:10:\"uagb\/image\";i:11;s:11:\"core\/spacer\";i:12;s:30:\"woocommerce\/product-categories\";i:13;s:18:\"core\/legacy-widget\";i:14;s:10:\"core\/image\";i:15;s:14:\"core\/shortcode\";}s:8:\"uag_flag\";b:1;s:11:\"uag_version\";s:10:\"1776428706\";s:6:\"gfonts\";a:0:{}s:10:\"gfonts_url\";s:0:\"\";s:12:\"gfonts_files\";a:0:{}s:14:\"uag_faq_layout\";b:0;}"]},"uagb_featured_image_src":{"full":false,"thumbnail":false,"medium":false,"medium_large":false,"large":false,"1536x1536":false,"2048x2048":false,"trp-custom-language-flag":false},"uagb_author_info":{"display_name":"admin","author_link":"https:\/\/www.ferberenterprises.com\/se\/author\/admin2721\/"},"uagb_comment_info":0,"uagb_excerpt":"Collection of information We collect information when you register on our site, log into your account, make a purchase, enter a contest, and\/or log out. Information collected includes your name, email address, phone number, and\/or credit card. Additionally, we automatically receive and record information from your computer and browser, including your IP address, software and&hellip;","_links":{"self":[{"href":"https:\/\/www.ferberenterprises.com\/se\/wp-json\/wp\/v2\/pages\/3","targetHints":{"allow":["GET"]}}],"collection":[{"href":"https:\/\/www.ferberenterprises.com\/se\/wp-json\/wp\/v2\/pages"}],"about":[{"href":"https:\/\/www.ferberenterprises.com\/se\/wp-json\/wp\/v2\/types\/page"}],"author":[{"embeddable":true,"href":"https:\/\/www.ferberenterprises.com\/se\/wp-json\/wp\/v2\/users\/1"}],"replies":[{"embeddable":true,"href":"https:\/\/www.ferberenterprises.com\/se\/wp-json\/wp\/v2\/comments?post=3"}],"version-history":[{"count":4,"href":"https:\/\/www.ferberenterprises.com\/se\/wp-json\/wp\/v2\/pages\/3\/revisions"}],"predecessor-version":[{"id":23164,"href":"https:\/\/www.ferberenterprises.com\/se\/wp-json\/wp\/v2\/pages\/3\/revisions\/23164"}],"wp:attachment":[{"href":"https:\/\/www.ferberenterprises.com\/se\/wp-json\/wp\/v2\/media?parent=3"}],"curies":[{"name":"wp","href":"https:\/\/api.w.org\/{rel}","templated":true}]}}