{"id":3,"date":"2025-04-10T11:35:39","date_gmt":"2025-04-10T09:35:39","guid":{"rendered":"https:\/\/www.stoprodent.com\/?page_id=3"},"modified":"2025-05-24T07:51:44","modified_gmt":"2025-05-24T05:51:44","slug":"privacy-policy","status":"publish","type":"page","link":"https:\/\/www.ferberenterprises.com\/lv\/privacy-policy\/","title":{"rendered":"Konfidencialit\u0101tes politika"},"content":{"rendered":"<h3 class=\"wp-block-heading\">Inform\u0101cijas v\u0101k\u0161ana<\/h3>\n\n\n\n<p>M\u0113s apkopojam inform\u0101ciju, kad re\u0123istr\u0113jaties m\u016bsu vietn\u0113, piesak\u0101ties sav\u0101 kont\u0101, veicat pirkumu, piedal\u0101ties konkurs\u0101 un\/vai izrakst\u0101ties no t\u0101. Sav\u0101kt\u0101 inform\u0101cija ietver j\u016bsu v\u0101rdu, e-pasta adresi, t\u0101lru\u0146a numuru un\/vai kred\u012btkarti. Turkl\u0101t m\u0113s autom\u0101tiski sa\u0146emam un re\u0123istr\u0113jam inform\u0101ciju no j\u016bsu datora un p\u0101rl\u016bkprogrammas, tostarp j\u016bsu IP adresi, programmat\u016bru un aparat\u016bru, k\u0101 ar\u012b piepras\u012bto lapu.<\/p>\n\n\n\n<h3 class=\"wp-block-heading\">Inform\u0101cijas izmanto\u0161ana\u00a0<\/h3>\n\n\n\n<p>Jebkuru no jums sav\u0101kto inform\u0101ciju m\u0113s varam izmantot, lai: - Personaliz\u0113t j\u016bsu pieredzi un apmierin\u0101t j\u016bsu individu\u0101l\u0101s vajadz\u012bbas - Sniegt personaliz\u0113tu rekl\u0101mas saturu - Uzlabot m\u016bsu vietni - Uzlabot klientu apkalpo\u0161anas un atbalsta vajadz\u012bbas - Sazin\u0101ties ar jums, izmantojot e-pastu - Administr\u0113t konkursu, veicin\u0101\u0161anas pas\u0101kumu vai aptauju.<\/p>\n\n\n\n<h3 class=\"wp-block-heading\">E-komercijas konfidencialit\u0101te\u00a0<\/h3>\n\n\n\n<p>M\u0113s esam vien\u012bgie \u0161aj\u0101 vietn\u0113 apkopot\u0101s inform\u0101cijas \u012bpa\u0161nieki. J\u016bsu personisk\u0101 inform\u0101cija netiks p\u0101rdota, apmain\u012bta, nodota vai nodota k\u0101dam citam uz\u0146\u0113mumam bez j\u016bsu piekri\u0161anas, iz\u0146emot gad\u012bjumus, kad tas nepiecie\u0161ams, lai izpild\u012btu piepras\u012bjumu un\/vai dar\u012bjumu, piem\u0113ram, nos\u016bt\u012btu pas\u016bt\u012bjumu.<\/p>\n\n\n\n<h3 class=\"wp-block-heading\">Inform\u0101cijas izpau\u0161ana tre\u0161\u0101m person\u0101m\u00a0<\/h3>\n\n\n\n<p>M\u0113s nep\u0101rdodam, netirgojam un nenododam j\u016bsu personiski identific\u0113jamo inform\u0101ciju tre\u0161\u0101m person\u0101m. Tas neattiecas uz uzticam\u0101m tre\u0161aj\u0101m pus\u0113m, kas pal\u012bdz mums uztur\u0113t m\u016bsu t\u012bmek\u013ca vietni vai veikt m\u016bsu uz\u0146\u0113m\u0113jdarb\u012bbu, ja vien \u0161\u012bs puses piekr\u012bt \u0161o inform\u0101ciju saglab\u0101t konfidenci\u0101lu. M\u0113s uzskat\u0101m, ka ir nepiecie\u0161ams kop\u012bgot inform\u0101ciju, lai izmekl\u0113tu, nov\u0113rstu vai veiktu pas\u0101kumus saist\u012bb\u0101 ar nelikum\u012bg\u0101m darb\u012bb\u0101m, aizdom\u0101m par kr\u0101p\u0161anu, situ\u0101cij\u0101m, kas saist\u012btas ar iesp\u0113jamiem draudiem jebkuras personas fiziskai dro\u0161\u012bbai, m\u016bsu lieto\u0161anas noteikumu p\u0101rk\u0101pumiem, vai kad to pieprasa likums. Tom\u0113r inform\u0101cija, kas nav priv\u0101ta, var tikt sniegta cit\u0101m pus\u0113m m\u0101rketinga, rekl\u0101mas vai citiem m\u0113r\u0137iem.<\/p>\n\n\n\n<p>Turpm\u0101k ir nor\u0101d\u012bta to da\u017e\u0101do strukt\u016bru identit\u0101te, kur\u0101m ir piek\u013cuve personas inform\u0101cijai:<\/p>\n\n\n\n<p>M\u0101tesuz\u0146\u0113mumam:<\/p>\n\n\n\n<ul class=\"wp-block-list\">\n<li>Uz\u0146\u0113muma nosaukums: Ferber Enterprises Limited<\/li>\n\n\n\n<li>Uz\u0146\u0113muma numurs: 136516C<\/li>\n\n\n\n<li>Uz\u0146\u0113muma direktors: Abigail Louise Reeder<\/li>\n\n\n\n<li>Uz\u0146\u0113muma galvenais birojs: Duke Street 9-11, IM1 2BB, Douglas, Menas sala.<\/li>\n\n\n\n<li>Uz\u0146\u0113muma juridisk\u0101 forma: Priv\u0101ta sabiedr\u012bba ar ierobe\u017eotu atbild\u012bbu<\/li>\n\n\n\n<li>Uz\u0146\u0113muma e-pasta adrese:\u00a0<a href=\"mailto:info@ferberenterprises.com\">info@ferberenterprises.com<\/a><\/li>\n\n\n\n<li>Vietnes uztur\u0113t\u0101ja nosaukums, v\u0101rds, uzv\u0101rds vai uz\u0146\u0113muma nosaukums un adrese: OVH SAS, 2 rue Kellermann, 59053 Roubaix, Francija.<\/li>\n<\/ul>\n\n\n\n<p>Uz\u0146\u0113mumam, kas administr\u0113 vietni:<\/p>\n\n\n\n<ul class=\"wp-block-list\">\n<li>Uz\u0146\u0113muma nosaukums: Ferber Entreprises Madagascar S.A.R.L.U.<\/li>\n\n\n\n<li>Uz\u0146\u0113muma numurs: 2019B00038<\/li>\n\n\n\n<li>Nodok\u013cu identifik\u0101cijas numurs: 4003575715<\/li>\n\n\n\n<li>Uz\u0146\u0113muma direktors: Mahavonjy Zafindresamby direktors<\/li>\n\n\n\n<li>Uz\u0146\u0113muma galvenais birojs: 1 rue de l'\u00c9cole M\u00e9nag\u00e8re, 601, Tul\u00e9ar, Madagaskara.<\/li>\n\n\n\n<li>Uz\u0146\u0113muma juridisk\u0101 forma: Viena \u012bpa\u0161nieka sabiedr\u012bba ar ierobe\u017eotu atbild\u012bbu<\/li>\n\n\n\n<li>Uz\u0146\u0113muma e-pasta adrese:\u00a0<a href=\"mailto:info@ferberenterprises.com\">info@ferberenterprises.com<\/a><\/li>\n<\/ul>\n\n\n\n<p>Par lo\u0123istiku atbild\u012bgajam uz\u0146\u0113mumam:<\/p>\n\n\n\n<ul class=\"wp-block-list\">\n<li>Uz\u0146\u0113muma nosaukums: Ferber Enterprises Czechia s.r.o.<\/li>\n\n\n\n<li>Uz\u0146\u0113muma numurs: 09309195<\/li>\n\n\n\n<li>PVN maks\u0101t\u0101ja numurs: CZ09309195<\/li>\n\n\n\n<li>Uz\u0146\u0113muma direktors: Zden\u011bk \u0160tembera<\/li>\n\n\n\n<li>Uz\u0146\u0113muma galvenais birojs: Jirotova 375, Budova 35, 336 01, Blovice, \u010cehija.<\/li>\n\n\n\n<li>Uz\u0146\u0113muma juridisk\u0101 forma: Sabiedr\u012bba ar ierobe\u017eotu atbild\u012bbu<\/li>\n\n\n\n<li>Uz\u0146\u0113muma e-pasta adrese:\u00a0<a href=\"mailto:info@ferberenterprises.com\">info@ferberenterprises.com<\/a><\/li>\n<\/ul>\n\n\n\n<h3 class=\"wp-block-heading\">Inform\u0101cijas aizsardz\u012bba<\/h3>\n\n\n\n<p>M\u0113s \u012bstenojam da\u017e\u0101dus dro\u0161\u012bbas pas\u0101kumus, lai nodro\u0161in\u0101tu j\u016bsu personisk\u0101s inform\u0101cijas dro\u0161\u012bbu. M\u0113s izmantojam m\u016bsdien\u012bgu \u0161ifr\u0113\u0161anu, lai aizsarg\u0101tu tie\u0161saist\u0113 p\u0101rraid\u012bto sensit\u012bvo inform\u0101ciju. M\u0113s aizsarg\u0101jam j\u016bsu inform\u0101ciju ar\u012b bezsaist\u0113. Piek\u013cuve personiski identific\u0113jamai inform\u0101cijai ir tikai tiem darbiniekiem, kuriem nepiecie\u0161ams veikt konkr\u0113tu darbu (piem\u0113ram, r\u0113\u0137inu izrakst\u012b\u0161ana vai klientu apkalpo\u0161ana). Datori un serveri, ko izmanto personiski identific\u0113jamas inform\u0101cijas glab\u0101\u0161anai, tiek tur\u0113ti dro\u0161\u0101 vid\u0113.<\/p>\n\n\n\n<h3 class=\"wp-block-heading\">Atteikties no<\/h3>\n\n\n\n<p>M\u0113s izmantojam j\u016bsu nor\u0101d\u012bto e-pasta adresi, lai nos\u016bt\u012btu jums inform\u0101ciju un atjaunin\u0101jumus, kas saist\u012bti ar j\u016bsu pas\u016bt\u012bjumu, uz\u0146\u0113muma jaunumiem, saist\u012btu produktu inform\u0101ciju u. c. Ja jebkur\u0101 br\u012bd\u012b v\u0113laties atteikties no e-pasta v\u0113stu\u013cu sa\u0146em\u0161anas, detaliz\u0113ti atteik\u0161an\u0101s nor\u0101d\u012bjumi ir iek\u013cauti katra e-pasta apak\u0161\u0101.<\/p>\n\n\n\n<h3 class=\"wp-block-heading\">Piekri\u0161ana<\/h3>\n\n\n\n<p>Izmantojot m\u016bsu vietni, j\u016bs piekr\u012btat m\u016bsu konfidencialit\u0101tes politikai.<\/p>","protected":false},"excerpt":{"rendered":"<p>Collection of information We collect information when you register on our site, log into your account, make a purchase, enter a contest, and\/or log out. Information collected includes your name, email address, phone number, and\/or credit card. Additionally, we automatically receive and record information from your computer and browser, including your IP address, software and [&hellip;]<\/p>\n","protected":false},"author":1,"featured_media":0,"parent":0,"menu_order":0,"comment_status":"closed","ping_status":"closed","template":"","meta":{"_uag_custom_page_level_css":"","site-sidebar-layout":"default","site-content-layout":"","ast-site-content-layout":"default","site-content-style":"default","site-sidebar-style":"default","ast-global-header-display":"","ast-banner-title-visibility":"","ast-main-header-display":"","ast-hfb-above-header-display":"","ast-hfb-below-header-display":"","ast-hfb-mobile-header-display":"","site-post-title":"","ast-breadcrumbs-content":"","ast-featured-img":"","footer-sml-layout":"","ast-disable-related-posts":"","theme-transparent-header-meta":"","adv-header-id-meta":"","stick-header-meta":"","header-above-stick-meta":"","header-main-stick-meta":"","header-below-stick-meta":"","astra-migrate-meta-layouts":"set","ast-page-background-enabled":"default","ast-page-background-meta":{"desktop":{"background-color":"","background-image":"","background-repeat":"repeat","background-position":"center center","background-size":"auto","background-attachment":"scroll","background-type":"","background-media":"","overlay-type":"","overlay-color":"","overlay-opacity":"","overlay-gradient":""},"tablet":{"background-color":"","background-image":"","background-repeat":"repeat","background-position":"center center","background-size":"auto","background-attachment":"scroll","background-type":"","background-media":"","overlay-type":"","overlay-color":"","overlay-opacity":"","overlay-gradient":""},"mobile":{"background-color":"","background-image":"","background-repeat":"repeat","background-position":"center center","background-size":"auto","background-attachment":"scroll","background-type":"","background-media":"","overlay-type":"","overlay-color":"","overlay-opacity":"","overlay-gradient":""}},"ast-content-background-meta":{"desktop":{"background-color":"var(--ast-global-color-5)","background-image":"","background-repeat":"repeat","background-position":"center center","background-size":"auto","background-attachment":"scroll","background-type":"","background-media":"","overlay-type":"","overlay-color":"","overlay-opacity":"","overlay-gradient":""},"tablet":{"background-color":"var(--ast-global-color-5)","background-image":"","background-repeat":"repeat","background-position":"center center","background-size":"auto","background-attachment":"scroll","background-type":"","background-media":"","overlay-type":"","overlay-color":"","overlay-opacity":"","overlay-gradient":""},"mobile":{"background-color":"var(--ast-global-color-5)","background-image":"","background-repeat":"repeat","background-position":"center center","background-size":"auto","background-attachment":"scroll","background-type":"","background-media":"","overlay-type":"","overlay-color":"","overlay-opacity":"","overlay-gradient":""}},"footnotes":""},"class_list":["post-3","page","type-page","status-publish","hentry"],"spectra_custom_meta":{"_wp_page_template":["default"],"_wpml_word_count":["1292"],"_edit_lock":["1748065904:1"],"_wpml_location_migration_done":["1"],"_edit_last":["1"],"_wpml_media_duplicate":["1"],"_wpml_media_featured":["1"],"rank_math_news_sitemap_robots":["index"],"rank_math_robots":["a:1:{i:0;s:5:\"index\";}"],"_uag_custom_page_level_css":[""],"site-sidebar-layout":["default"],"site-content-layout":[""],"ast-site-content-layout":["default"],"site-content-style":["default"],"site-sidebar-style":["default"],"ast-global-header-display":[""],"ast-banner-title-visibility":[""],"ast-main-header-display":[""],"ast-hfb-above-header-display":[""],"ast-hfb-below-header-display":[""],"ast-hfb-mobile-header-display":[""],"site-post-title":[""],"ast-breadcrumbs-content":[""],"ast-featured-img":[""],"footer-sml-layout":[""],"theme-transparent-header-meta":[""],"adv-header-id-meta":[""],"stick-header-meta":[""],"header-above-stick-meta":[""],"header-main-stick-meta":[""],"header-below-stick-meta":[""],"astra-migrate-meta-layouts":["set"],"ast-page-background-enabled":["default"],"ast-page-background-meta":["a:3:{s:7:\"desktop\";a:12:{s:16:\"background-color\";s:0:\"\";s:16:\"background-image\";s:0:\"\";s:17:\"background-repeat\";s:6:\"repeat\";s:19:\"background-position\";s:13:\"center center\";s:15:\"background-size\";s:4:\"auto\";s:21:\"background-attachment\";s:6:\"scroll\";s:15:\"background-type\";s:0:\"\";s:16:\"background-media\";s:0:\"\";s:12:\"overlay-type\";s:0:\"\";s:13:\"overlay-color\";s:0:\"\";s:15:\"overlay-opacity\";s:0:\"\";s:16:\"overlay-gradient\";s:0:\"\";}s:6:\"tablet\";a:12:{s:16:\"background-color\";s:0:\"\";s:16:\"background-image\";s:0:\"\";s:17:\"background-repeat\";s:6:\"repeat\";s:19:\"background-position\";s:13:\"center center\";s:15:\"background-size\";s:4:\"auto\";s:21:\"background-attachment\";s:6:\"scroll\";s:15:\"background-type\";s:0:\"\";s:16:\"background-media\";s:0:\"\";s:12:\"overlay-type\";s:0:\"\";s:13:\"overlay-color\";s:0:\"\";s:15:\"overlay-opacity\";s:0:\"\";s:16:\"overlay-gradient\";s:0:\"\";}s:6:\"mobile\";a:12:{s:16:\"background-color\";s:0:\"\";s:16:\"background-image\";s:0:\"\";s:17:\"background-repeat\";s:6:\"repeat\";s:19:\"background-position\";s:13:\"center center\";s:15:\"background-size\";s:4:\"auto\";s:21:\"background-attachment\";s:6:\"scroll\";s:15:\"background-type\";s:0:\"\";s:16:\"background-media\";s:0:\"\";s:12:\"overlay-type\";s:0:\"\";s:13:\"overlay-color\";s:0:\"\";s:15:\"overlay-opacity\";s:0:\"\";s:16:\"overlay-gradient\";s:0:\"\";}}"],"ast-content-background-meta":["a:3:{s:7:\"desktop\";a:12:{s:16:\"background-color\";s:25:\"var(--ast-global-color-5)\";s:16:\"background-image\";s:0:\"\";s:17:\"background-repeat\";s:6:\"repeat\";s:19:\"background-position\";s:13:\"center center\";s:15:\"background-size\";s:4:\"auto\";s:21:\"background-attachment\";s:6:\"scroll\";s:15:\"background-type\";s:0:\"\";s:16:\"background-media\";s:0:\"\";s:12:\"overlay-type\";s:0:\"\";s:13:\"overlay-color\";s:0:\"\";s:15:\"overlay-opacity\";s:0:\"\";s:16:\"overlay-gradient\";s:0:\"\";}s:6:\"tablet\";a:12:{s:16:\"background-color\";s:25:\"var(--ast-global-color-5)\";s:16:\"background-image\";s:0:\"\";s:17:\"background-repeat\";s:6:\"repeat\";s:19:\"background-position\";s:13:\"center center\";s:15:\"background-size\";s:4:\"auto\";s:21:\"background-attachment\";s:6:\"scroll\";s:15:\"background-type\";s:0:\"\";s:16:\"background-media\";s:0:\"\";s:12:\"overlay-type\";s:0:\"\";s:13:\"overlay-color\";s:0:\"\";s:15:\"overlay-opacity\";s:0:\"\";s:16:\"overlay-gradient\";s:0:\"\";}s:6:\"mobile\";a:12:{s:16:\"background-color\";s:25:\"var(--ast-global-color-5)\";s:16:\"background-image\";s:0:\"\";s:17:\"background-repeat\";s:6:\"repeat\";s:19:\"background-position\";s:13:\"center center\";s:15:\"background-size\";s:4:\"auto\";s:21:\"background-attachment\";s:6:\"scroll\";s:15:\"background-type\";s:0:\"\";s:16:\"background-media\";s:0:\"\";s:12:\"overlay-type\";s:0:\"\";s:13:\"overlay-color\";s:0:\"\";s:15:\"overlay-opacity\";s:0:\"\";s:16:\"overlay-gradient\";s:0:\"\";}}"],"footnotes":[""],"_elementor_edit_mode":[""],"_elementor_template_type":[""],"_elementor_data":[""],"_elementor_conditions":["a:0:{}"],"_uag_css_file_name":["uag-css-3.css"],"_uag_page_assets":["a:9:{s:3:\"css\";s:7156:\".uag-blocks-common-selector{z-index:var(--z-index-desktop) !important}@media (max-width: 976px){.uag-blocks-common-selector{z-index:var(--z-index-tablet) !important}}@media (max-width: 767px){.uag-blocks-common-selector{z-index:var(--z-index-mobile) !important}}\n.wp-block-uagb-image{display:flex}.wp-block-uagb-image__figure{position:relative;display:flex;flex-direction:column;max-width:100%;height:auto;margin:0}.wp-block-uagb-image__figure img{height:auto;display:flex;max-width:100%;transition:box-shadow 0.2s ease}.wp-block-uagb-image__figure>a{display:inline-block}.wp-block-uagb-image__figure figcaption{text-align:center;margin-top:0.5em;margin-bottom:1em}.wp-block-uagb-image .components-placeholder.block-editor-media-placeholder .components-placeholder__instructions{align-self:center}.wp-block-uagb-image--align-left{text-align:left}.wp-block-uagb-image--align-right{text-align:right}.wp-block-uagb-image--align-center{text-align:center}.wp-block-uagb-image--align-full .wp-block-uagb-image__figure{margin-left:calc(50% - 50vw);margin-right:calc(50% - 50vw);max-width:100vw;width:100vw;height:auto}.wp-block-uagb-image--align-full .wp-block-uagb-image__figure img{height:auto;width:100% !important}.wp-block-uagb-image--align-wide .wp-block-uagb-image__figure img{height:auto;width:100%}.wp-block-uagb-image--layout-overlay__color-wrapper{position:absolute;left:0;top:0;right:0;bottom:0;opacity:0.2;background:rgba(0,0,0,0.5);transition:opacity 0.35s ease-in-out}.wp-block-uagb-image--layout-overlay-link{position:absolute;left:0;right:0;bottom:0;top:0}.wp-block-uagb-image--layout-overlay .wp-block-uagb-image__figure:hover .wp-block-uagb-image--layout-overlay__color-wrapper{opacity:1}.wp-block-uagb-image--layout-overlay__inner{position:absolute;left:15px;right:15px;bottom:15px;top:15px;display:flex;align-items:center;justify-content:center;flex-direction:column;border-color:#fff;transition:0.35s ease-in-out}.wp-block-uagb-image--layout-overlay__inner.top-left,.wp-block-uagb-image--layout-overlay__inner.top-center,.wp-block-uagb-image--layout-overlay__inner.top-right{justify-content:flex-start}.wp-block-uagb-image--layout-overlay__inner.bottom-left,.wp-block-uagb-image--layout-overlay__inner.bottom-center,.wp-block-uagb-image--layout-overlay__inner.bottom-right{justify-content:flex-end}.wp-block-uagb-image--layout-overlay__inner.top-left,.wp-block-uagb-image--layout-overlay__inner.center-left,.wp-block-uagb-image--layout-overlay__inner.bottom-left{align-items:flex-start}.wp-block-uagb-image--layout-overlay__inner.top-right,.wp-block-uagb-image--layout-overlay__inner.center-right,.wp-block-uagb-image--layout-overlay__inner.bottom-right{align-items:flex-end}.wp-block-uagb-image--layout-overlay__inner .uagb-image-heading{color:#fff;transition:transform 0.35s, opacity 0.35s ease-in-out;transform:translate3d(0, 24px, 0);margin:0;line-height:1em}.wp-block-uagb-image--layout-overlay__inner .uagb-image-separator{width:30%;border-top-width:2px;border-top-color:#fff;border-top-style:solid;margin-bottom:10px;opacity:0;transition:transform 0.4s, opacity 0.4s ease-in-out;transform:translate3d(0, 30px, 0)}.wp-block-uagb-image--layout-overlay__inner .uagb-image-caption{opacity:0;overflow:visible;color:#fff;transition:transform 0.45s, opacity 0.45s ease-in-out;transform:translate3d(0, 35px, 0)}.wp-block-uagb-image--layout-overlay__inner:hover .uagb-image-heading,.wp-block-uagb-image--layout-overlay__inner:hover .uagb-image-separator,.wp-block-uagb-image--layout-overlay__inner:hover .uagb-image-caption{opacity:1;transform:translate3d(0, 0, 0)}.wp-block-uagb-image--effect-zoomin .wp-block-uagb-image__figure img,.wp-block-uagb-image--effect-zoomin .wp-block-uagb-image__figure .wp-block-uagb-image--layout-overlay__color-wrapper{transform:scale(1);transition:transform 0.35s ease-in-out}.wp-block-uagb-image--effect-zoomin .wp-block-uagb-image__figure:hover img,.wp-block-uagb-image--effect-zoomin .wp-block-uagb-image__figure:hover .wp-block-uagb-image--layout-overlay__color-wrapper{transform:scale(1.05)}.wp-block-uagb-image--effect-slide .wp-block-uagb-image__figure img,.wp-block-uagb-image--effect-slide .wp-block-uagb-image__figure .wp-block-uagb-image--layout-overlay__color-wrapper{width:calc(100% + 40px) !important;max-width:none !important;transform:translate3d(-40px, 0, 0);transition:transform 0.35s ease-in-out}.wp-block-uagb-image--effect-slide .wp-block-uagb-image__figure:hover img,.wp-block-uagb-image--effect-slide .wp-block-uagb-image__figure:hover .wp-block-uagb-image--layout-overlay__color-wrapper{transform:translate3d(0, 0, 0)}.wp-block-uagb-image--effect-grayscale img{filter:grayscale(0%);transition:0.35s ease-in-out}.wp-block-uagb-image--effect-grayscale:hover img{filter:grayscale(100%)}.wp-block-uagb-image--effect-blur img{filter:blur(0);transition:0.35s ease-in-out}.wp-block-uagb-image--effect-blur:hover img{filter:blur(3px)}\n.uagb-block-e6f939b3.wp-block-uagb-image--layout-default figure img{box-shadow: 0px 0px 0 #00000070;}.uagb-block-e6f939b3.wp-block-uagb-image .wp-block-uagb-image__figure figcaption{font-style: normal;align-self: center;}.uagb-block-e6f939b3.wp-block-uagb-image--layout-overlay figure img{box-shadow: 0px 0px 0 #00000070;}.uagb-block-e6f939b3.wp-block-uagb-image--layout-overlay .wp-block-uagb-image--layout-overlay__color-wrapper{opacity: 0.2;}.uagb-block-e6f939b3.wp-block-uagb-image--layout-overlay .wp-block-uagb-image--layout-overlay__inner{left: 15px;right: 15px;top: 15px;bottom: 15px;}.uagb-block-e6f939b3.wp-block-uagb-image--layout-overlay .wp-block-uagb-image--layout-overlay__inner .uagb-image-heading{font-style: normal;color: #fff;opacity: 1;}.uagb-block-e6f939b3.wp-block-uagb-image--layout-overlay .wp-block-uagb-image--layout-overlay__inner .uagb-image-heading a{color: #fff;}.uagb-block-e6f939b3.wp-block-uagb-image--layout-overlay .wp-block-uagb-image--layout-overlay__inner .uagb-image-caption{opacity: 0;}.uagb-block-e6f939b3.wp-block-uagb-image--layout-overlay .wp-block-uagb-image__figure:hover .wp-block-uagb-image--layout-overlay__color-wrapper{opacity: 1;}.uagb-block-e6f939b3.wp-block-uagb-image .wp-block-uagb-image--layout-overlay__inner .uagb-image-separator{width: 30%;border-top-width: 2px;border-top-color: #fff;opacity: 0;}.uagb-block-e6f939b3.wp-block-uagb-image .wp-block-uagb-image__figure img{width: px;height: auto;}.uagb-block-e6f939b3.wp-block-uagb-image .wp-block-uagb-image__figure:hover .wp-block-uagb-image--layout-overlay__inner .uagb-image-caption{opacity: 1;}.uagb-block-e6f939b3.wp-block-uagb-image .wp-block-uagb-image__figure:hover .wp-block-uagb-image--layout-overlay__inner .uagb-image-separator{opacity: 1;}.uagb-block-e6f939b3.wp-block-uagb-image--layout-default figure:hover img{box-shadow: 0px 0px 0 #00000070;}.uagb-block-e6f939b3.wp-block-uagb-image--layout-overlay figure:hover img{box-shadow: 0px 0px 0 #00000070;}@media only screen and (max-width: 976px) {.uagb-block-e6f939b3.wp-block-uagb-image .wp-block-uagb-image__figure img{width: px;height: auto;}}@media only screen and (max-width: 767px) {.uagb-block-e6f939b3.wp-block-uagb-image .wp-block-uagb-image__figure img{width: px;height: auto;}}\";s:2:\"js\";s:0:\"\";s:18:\"current_block_list\";a:16:{i:0;s:12:\"core\/heading\";i:1;s:14:\"core\/paragraph\";i:2;s:9:\"core\/list\";i:3;s:14:\"core\/list-item\";i:4;s:11:\"core\/search\";i:5;s:10:\"core\/group\";i:6;s:17:\"core\/latest-posts\";i:7;s:20:\"core\/latest-comments\";i:8;s:13:\"core\/archives\";i:9;s:15:\"core\/categories\";i:10;s:10:\"uagb\/image\";i:11;s:11:\"core\/spacer\";i:12;s:30:\"woocommerce\/product-categories\";i:13;s:18:\"core\/legacy-widget\";i:14;s:10:\"core\/image\";i:15;s:14:\"core\/shortcode\";}s:8:\"uag_flag\";b:1;s:11:\"uag_version\";s:10:\"1776233222\";s:6:\"gfonts\";a:0:{}s:10:\"gfonts_url\";s:0:\"\";s:12:\"gfonts_files\";a:0:{}s:14:\"uag_faq_layout\";b:0;}"]},"uagb_featured_image_src":{"full":false,"thumbnail":false,"medium":false,"medium_large":false,"large":false,"1536x1536":false,"2048x2048":false,"trp-custom-language-flag":false},"uagb_author_info":{"display_name":"admin","author_link":"https:\/\/www.ferberenterprises.com\/lv\/author\/admin2721\/"},"uagb_comment_info":0,"uagb_excerpt":"Collection of information We collect information when you register on our site, log into your account, make a purchase, enter a contest, and\/or log out. Information collected includes your name, email address, phone number, and\/or credit card. Additionally, we automatically receive and record information from your computer and browser, including your IP address, software and&hellip;","_links":{"self":[{"href":"https:\/\/www.ferberenterprises.com\/lv\/wp-json\/wp\/v2\/pages\/3","targetHints":{"allow":["GET"]}}],"collection":[{"href":"https:\/\/www.ferberenterprises.com\/lv\/wp-json\/wp\/v2\/pages"}],"about":[{"href":"https:\/\/www.ferberenterprises.com\/lv\/wp-json\/wp\/v2\/types\/page"}],"author":[{"embeddable":true,"href":"https:\/\/www.ferberenterprises.com\/lv\/wp-json\/wp\/v2\/users\/1"}],"replies":[{"embeddable":true,"href":"https:\/\/www.ferberenterprises.com\/lv\/wp-json\/wp\/v2\/comments?post=3"}],"version-history":[{"count":4,"href":"https:\/\/www.ferberenterprises.com\/lv\/wp-json\/wp\/v2\/pages\/3\/revisions"}],"predecessor-version":[{"id":23164,"href":"https:\/\/www.ferberenterprises.com\/lv\/wp-json\/wp\/v2\/pages\/3\/revisions\/23164"}],"wp:attachment":[{"href":"https:\/\/www.ferberenterprises.com\/lv\/wp-json\/wp\/v2\/media?parent=3"}],"curies":[{"name":"wp","href":"https:\/\/api.w.org\/{rel}","templated":true}]}}