{"id":3,"date":"2025-04-10T11:35:39","date_gmt":"2025-04-10T09:35:39","guid":{"rendered":"https:\/\/www.stoprodent.com\/?page_id=3"},"modified":"2025-05-24T07:51:44","modified_gmt":"2025-05-24T05:51:44","slug":"privacy-policy","status":"publish","type":"page","link":"https:\/\/www.ferberenterprises.com\/hu\/privacy-policy\/","title":{"rendered":"Adatv\u00e9delmi ir\u00e1nyelvek"},"content":{"rendered":"<h3 class=\"wp-block-heading\">Inform\u00e1ci\u00f3gy\u0171jt\u00e9s<\/h3>\n\n\n\n<p>Inform\u00e1ci\u00f3kat gy\u0171jt\u00fcnk, amikor \u00d6n regisztr\u00e1l az oldalunkon, bejelentkezik a fi\u00f3kj\u00e1ba, v\u00e1s\u00e1rol, r\u00e9szt vesz egy versenyen \u00e9s\/vagy kijelentkezik. Az \u00f6sszegy\u0171jt\u00f6tt inform\u00e1ci\u00f3k k\u00f6z\u00e9 tartozik az \u00d6n neve, e-mail c\u00edme, telefonsz\u00e1ma \u00e9s\/vagy hitelk\u00e1rty\u00e1ja. Ezenk\u00edv\u00fcl automatikusan kapunk \u00e9s r\u00f6gz\u00edt\u00fcnk inform\u00e1ci\u00f3kat az \u00d6n sz\u00e1m\u00edt\u00f3g\u00e9p\u00e9r\u0151l \u00e9s b\u00f6ng\u00e9sz\u0151j\u00e9r\u0151l, bele\u00e9rtve az \u00d6n IP-c\u00edm\u00e9t, szoftver\u00e9t \u00e9s hardver\u00e9t, valamint az \u00d6n \u00e1ltal ig\u00e9nyelt oldalt.<\/p>\n\n\n\n<h3 class=\"wp-block-heading\">Az inform\u00e1ci\u00f3 felhaszn\u00e1l\u00e1sa\u00a0<\/h3>\n\n\n\n<p>Az \u00d6nt\u0151l gy\u0171jt\u00f6tt inform\u00e1ci\u00f3kat felhaszn\u00e1lhatjuk a k\u00f6vetkez\u0151kre: - Szem\u00e9lyre szabott rekl\u00e1mtartalom biztos\u00edt\u00e1sa - Weboldalunk fejleszt\u00e9se - \u00dcgyf\u00e9lszolg\u00e1latunk \u00e9s t\u00e1mogat\u00e1si ig\u00e9nyeink jav\u00edt\u00e1sa - Kapcsolatfelv\u00e9tel e-mailben - Verseny, prom\u00f3ci\u00f3 vagy felm\u00e9r\u00e9s adminisztr\u00e1l\u00e1sa.<\/p>\n\n\n\n<h3 class=\"wp-block-heading\">E-kereskedelmi adatv\u00e9delem\u00a0<\/h3>\n\n\n\n<p>Az ezen az oldalon gy\u0171jt\u00f6tt inform\u00e1ci\u00f3k kiz\u00e1r\u00f3lagos tulajdonosai mi vagyunk. Az \u00d6n szem\u00e9lyes adatait az \u00d6n beleegyez\u00e9se n\u00e9lk\u00fcl semmilyen okb\u00f3l nem adjuk el, nem cser\u00e9lj\u00fck el, nem adjuk \u00e1t \u00e9s nem adjuk \u00e1t m\u00e1s c\u00e9geknek, kiv\u00e9ve, ha ez sz\u00fcks\u00e9ges egy megkeres\u00e9s \u00e9s\/vagy tranzakci\u00f3 teljes\u00edt\u00e9s\u00e9hez, p\u00e9ld\u00e1ul egy megrendel\u00e9s kisz\u00e1ll\u00edt\u00e1s\u00e1hoz.<\/p>\n\n\n\n<h3 class=\"wp-block-heading\">K\u00f6zz\u00e9t\u00e9tel harmadik felek sz\u00e1m\u00e1ra\u00a0<\/h3>\n\n\n\n<p>Nem adjuk el, nem keresked\u00fcnk az \u00d6n szem\u00e9lyazonos\u00edt\u00e1sra alkalmas adatait, \u00e9s nem adjuk \u00e1t harmadik f\u00e9lnek. Ez nem vonatkozik azokra a megb\u00edzhat\u00f3 harmadik felekre, akik seg\u00edtenek minket a weboldalunk \u00fczemeltet\u00e9s\u00e9ben vagy \u00fczleti tev\u00e9kenys\u00e9g\u00fcnk lebonyol\u00edt\u00e1s\u00e1ban, amennyiben ezek a felek v\u00e1llalj\u00e1k, hogy bizalmasan kezelik ezeket az inform\u00e1ci\u00f3kat. \u00dagy v\u00e9lj\u00fck, hogy sz\u00fcks\u00e9ges az inform\u00e1ci\u00f3k megoszt\u00e1sa illeg\u00e1lis tev\u00e9kenys\u00e9gek, csal\u00e1s gyan\u00faja, b\u00e1rmely szem\u00e9ly fizikai biztons\u00e1g\u00e1t potenci\u00e1lisan fenyeget\u0151 helyzetek, a felhaszn\u00e1l\u00e1si felt\u00e9teleink megs\u00e9rt\u00e9se, vagy a t\u00f6rv\u00e9ny \u00e1ltal megk\u00f6vetelt esetek kivizsg\u00e1l\u00e1sa, megel\u0151z\u00e9se vagy az azokkal kapcsolatos int\u00e9zked\u00e9sek megt\u00e9tele \u00e9rdek\u00e9ben, vagy ha a t\u00f6rv\u00e9ny ezt megk\u00f6veteli t\u0151l\u00fcnk. A nem mag\u00e1njelleg\u0171 inform\u00e1ci\u00f3k azonban m\u00e1s felek sz\u00e1m\u00e1ra is \u00e1tadhat\u00f3k marketing, rekl\u00e1moz\u00e1s vagy egy\u00e9b felhaszn\u00e1l\u00e1s c\u00e9lj\u00e1b\u00f3l.<\/p>\n\n\n\n<p>A szem\u00e9lyes adatokhoz hozz\u00e1f\u00e9r\u00e9ssel rendelkez\u0151 k\u00fcl\u00f6nb\u00f6z\u0151 szervezetek kil\u00e9te az al\u00e1bbiakban ker\u00fcl meghat\u00e1roz\u00e1sra:<\/p>\n\n\n\n<p>Az anyav\u00e1llalat sz\u00e1m\u00e1ra:<\/p>\n\n\n\n<ul class=\"wp-block-list\">\n<li>C\u00e9gn\u00e9v: Ferber Enterprises Limited<\/li>\n\n\n\n<li>C\u00e9gsz\u00e1m: 136516C<\/li>\n\n\n\n<li>C\u00e9gigazgat\u00f3: Abigail Louise Reeder<\/li>\n\n\n\n<li>A v\u00e1llalat sz\u00e9khelye: 9-11 Duke Street, IM1 2BB, Douglas, Man-sziget<\/li>\n\n\n\n<li>A t\u00e1rsas\u00e1g jogi form\u00e1ja: R\u00e9szv\u00e9nyt\u00e1rsas\u00e1g<\/li>\n\n\n\n<li>A c\u00e9g e-mail c\u00edme:\u00a0<a href=\"mailto:info@ferberenterprises.com\">info@ferberenterprises.com<\/a><\/li>\n\n\n\n<li>Az oldalgazda neve, keresztneve vagy c\u00e9gneve \u00e9s c\u00edme: OVH SAS, 2 rue Kellermann, 59053 Roubaix, Franciaorsz\u00e1g.<\/li>\n<\/ul>\n\n\n\n<p>A webhelyet kezel\u0151 v\u00e1llalat sz\u00e1m\u00e1ra:<\/p>\n\n\n\n<ul class=\"wp-block-list\">\n<li>A v\u00e1llalat neve: Ferber Entreprises Madagascar S.A.R.L.U.<\/li>\n\n\n\n<li>C\u00e9gsz\u00e1m: 2019B00038<\/li>\n\n\n\n<li>Ad\u00f3azonos\u00edt\u00f3 sz\u00e1m: 4003575715<\/li>\n\n\n\n<li>A v\u00e1llalat igazgat\u00f3ja: Mahavonjy Zafindresamby<\/li>\n\n\n\n<li>A v\u00e1llalat sz\u00e9khelye: 1 rue de l'\u00c9cole M\u00e9nag\u00e8re, 601, Tul\u00e9ar, Madagaszk\u00e1r<\/li>\n\n\n\n<li>A t\u00e1rsas\u00e1g jogi form\u00e1ja: Egyszem\u00e9lyes korl\u00e1tolt felel\u0151ss\u00e9g\u0171 t\u00e1rsas\u00e1g<\/li>\n\n\n\n<li>A c\u00e9g e-mail c\u00edme:\u00a0<a href=\"mailto:info@ferberenterprises.com\">info@ferberenterprises.com<\/a><\/li>\n<\/ul>\n\n\n\n<p>A logisztik\u00e1\u00e9rt felel\u0151s v\u00e1llalat eset\u00e9ben:<\/p>\n\n\n\n<ul class=\"wp-block-list\">\n<li>C\u00e9gn\u00e9v: Ferber Enterprises Czechia s.r.o.<\/li>\n\n\n\n<li>C\u00e9gsz\u00e1m: 09309195<\/li>\n\n\n\n<li>\u00c1FA sz\u00e1m: CZ09309195<\/li>\n\n\n\n<li>A v\u00e1llalat igazgat\u00f3ja: Zden\u011bk \u0160tembera<\/li>\n\n\n\n<li>A v\u00e1llalat sz\u00e9khelye: Jirotova 375, Budova 35, 336 01, Blovice, Cseh K\u00f6zt\u00e1rsas\u00e1g<\/li>\n\n\n\n<li>A t\u00e1rsas\u00e1g jogi form\u00e1ja: Korl\u00e1tolt felel\u0151ss\u00e9g\u0171 t\u00e1rsas\u00e1g<\/li>\n\n\n\n<li>A c\u00e9g e-mail c\u00edme:\u00a0<a href=\"mailto:info@ferberenterprises.com\">info@ferberenterprises.com<\/a><\/li>\n<\/ul>\n\n\n\n<h3 class=\"wp-block-heading\">Inform\u00e1ci\u00f3v\u00e9delem<\/h3>\n\n\n\n<p>Sz\u00e1mos biztons\u00e1gi int\u00e9zked\u00e9st alkalmazunk az \u00d6n szem\u00e9lyes adatainak biztons\u00e1ga \u00e9rdek\u00e9ben. A legkorszer\u0171bb titkos\u00edt\u00e1st haszn\u00e1ljuk az online tov\u00e1bb\u00edtott \u00e9rz\u00e9keny inform\u00e1ci\u00f3k v\u00e9delm\u00e9re. Offline is v\u00e9dj\u00fck az \u00d6n adatait. Csak azok az alkalmazottak f\u00e9rnek hozz\u00e1 a szem\u00e9lyazonos\u00edt\u00e1sra alkalmas adatokhoz, akiknek egy adott feladatot kell ell\u00e1tniuk (p\u00e9ld\u00e1ul sz\u00e1ml\u00e1z\u00e1s vagy \u00fcgyf\u00e9lszolg\u00e1lat). A szem\u00e9lyazonos\u00edt\u00e1sra alkalmas inform\u00e1ci\u00f3k t\u00e1rol\u00e1s\u00e1ra haszn\u00e1lt sz\u00e1m\u00edt\u00f3g\u00e9peket \u00e9s szervereket biztons\u00e1gos k\u00f6rnyezetben tartjuk.<\/p>\n\n\n\n<h3 class=\"wp-block-heading\">Leiratkoz\u00e1s<\/h3>\n\n\n\n<p>Az \u00d6n \u00e1ltal megadott e-mail c\u00edmet arra haszn\u00e1ljuk, hogy a megrendel\u00e9s\u00e9vel kapcsolatos inform\u00e1ci\u00f3kat \u00e9s friss\u00edt\u00e9seket k\u00fcldj\u00fcnk \u00d6nnek, valamint a c\u00e9ggel kapcsolatos h\u00edreket, kapcsol\u00f3d\u00f3 term\u00e9kinform\u00e1ci\u00f3kat stb. Ha b\u00e1rmikor le szeretne iratkozni az e-mailekr\u0151l, a r\u00e9szletes leiratkoz\u00e1si utas\u00edt\u00e1sokat minden egyes e-mail alj\u00e1n megtal\u00e1lhatja.<\/p>\n\n\n\n<h3 class=\"wp-block-heading\">Hozz\u00e1j\u00e1rul\u00e1s<\/h3>\n\n\n\n<p>Oldalunk haszn\u00e1lat\u00e1val \u00d6n elfogadja adatv\u00e9delmi szab\u00e1lyzatunkat.<\/p>","protected":false},"excerpt":{"rendered":"<p>Collection of information We collect information when you register on our site, log into your account, make a purchase, enter a contest, and\/or log out. Information collected includes your name, email address, phone number, and\/or credit card. Additionally, we automatically receive and record information from your computer and browser, including your IP address, software and [&hellip;]<\/p>\n","protected":false},"author":1,"featured_media":0,"parent":0,"menu_order":0,"comment_status":"closed","ping_status":"closed","template":"","meta":{"_uag_custom_page_level_css":"","site-sidebar-layout":"default","site-content-layout":"","ast-site-content-layout":"default","site-content-style":"default","site-sidebar-style":"default","ast-global-header-display":"","ast-banner-title-visibility":"","ast-main-header-display":"","ast-hfb-above-header-display":"","ast-hfb-below-header-display":"","ast-hfb-mobile-header-display":"","site-post-title":"","ast-breadcrumbs-content":"","ast-featured-img":"","footer-sml-layout":"","ast-disable-related-posts":"","theme-transparent-header-meta":"","adv-header-id-meta":"","stick-header-meta":"","header-above-stick-meta":"","header-main-stick-meta":"","header-below-stick-meta":"","astra-migrate-meta-layouts":"set","ast-page-background-enabled":"default","ast-page-background-meta":{"desktop":{"background-color":"","background-image":"","background-repeat":"repeat","background-position":"center center","background-size":"auto","background-attachment":"scroll","background-type":"","background-media":"","overlay-type":"","overlay-color":"","overlay-opacity":"","overlay-gradient":""},"tablet":{"background-color":"","background-image":"","background-repeat":"repeat","background-position":"center center","background-size":"auto","background-attachment":"scroll","background-type":"","background-media":"","overlay-type":"","overlay-color":"","overlay-opacity":"","overlay-gradient":""},"mobile":{"background-color":"","background-image":"","background-repeat":"repeat","background-position":"center center","background-size":"auto","background-attachment":"scroll","background-type":"","background-media":"","overlay-type":"","overlay-color":"","overlay-opacity":"","overlay-gradient":""}},"ast-content-background-meta":{"desktop":{"background-color":"var(--ast-global-color-5)","background-image":"","background-repeat":"repeat","background-position":"center center","background-size":"auto","background-attachment":"scroll","background-type":"","background-media":"","overlay-type":"","overlay-color":"","overlay-opacity":"","overlay-gradient":""},"tablet":{"background-color":"var(--ast-global-color-5)","background-image":"","background-repeat":"repeat","background-position":"center center","background-size":"auto","background-attachment":"scroll","background-type":"","background-media":"","overlay-type":"","overlay-color":"","overlay-opacity":"","overlay-gradient":""},"mobile":{"background-color":"var(--ast-global-color-5)","background-image":"","background-repeat":"repeat","background-position":"center center","background-size":"auto","background-attachment":"scroll","background-type":"","background-media":"","overlay-type":"","overlay-color":"","overlay-opacity":"","overlay-gradient":""}},"footnotes":""},"class_list":["post-3","page","type-page","status-publish","hentry"],"spectra_custom_meta":{"_wp_page_template":["default"],"_wpml_word_count":["1292"],"_edit_lock":["1748065904:1"],"_wpml_location_migration_done":["1"],"_edit_last":["1"],"_wpml_media_duplicate":["1"],"_wpml_media_featured":["1"],"rank_math_news_sitemap_robots":["index"],"rank_math_robots":["a:1:{i:0;s:5:\"index\";}"],"_uag_custom_page_level_css":[""],"site-sidebar-layout":["default"],"site-content-layout":[""],"ast-site-content-layout":["default"],"site-content-style":["default"],"site-sidebar-style":["default"],"ast-global-header-display":[""],"ast-banner-title-visibility":[""],"ast-main-header-display":[""],"ast-hfb-above-header-display":[""],"ast-hfb-below-header-display":[""],"ast-hfb-mobile-header-display":[""],"site-post-title":[""],"ast-breadcrumbs-content":[""],"ast-featured-img":[""],"footer-sml-layout":[""],"theme-transparent-header-meta":[""],"adv-header-id-meta":[""],"stick-header-meta":[""],"header-above-stick-meta":[""],"header-main-stick-meta":[""],"header-below-stick-meta":[""],"astra-migrate-meta-layouts":["set"],"ast-page-background-enabled":["default"],"ast-page-background-meta":["a:3:{s:7:\"desktop\";a:12:{s:16:\"background-color\";s:0:\"\";s:16:\"background-image\";s:0:\"\";s:17:\"background-repeat\";s:6:\"repeat\";s:19:\"background-position\";s:13:\"center center\";s:15:\"background-size\";s:4:\"auto\";s:21:\"background-attachment\";s:6:\"scroll\";s:15:\"background-type\";s:0:\"\";s:16:\"background-media\";s:0:\"\";s:12:\"overlay-type\";s:0:\"\";s:13:\"overlay-color\";s:0:\"\";s:15:\"overlay-opacity\";s:0:\"\";s:16:\"overlay-gradient\";s:0:\"\";}s:6:\"tablet\";a:12:{s:16:\"background-color\";s:0:\"\";s:16:\"background-image\";s:0:\"\";s:17:\"background-repeat\";s:6:\"repeat\";s:19:\"background-position\";s:13:\"center center\";s:15:\"background-size\";s:4:\"auto\";s:21:\"background-attachment\";s:6:\"scroll\";s:15:\"background-type\";s:0:\"\";s:16:\"background-media\";s:0:\"\";s:12:\"overlay-type\";s:0:\"\";s:13:\"overlay-color\";s:0:\"\";s:15:\"overlay-opacity\";s:0:\"\";s:16:\"overlay-gradient\";s:0:\"\";}s:6:\"mobile\";a:12:{s:16:\"background-color\";s:0:\"\";s:16:\"background-image\";s:0:\"\";s:17:\"background-repeat\";s:6:\"repeat\";s:19:\"background-position\";s:13:\"center center\";s:15:\"background-size\";s:4:\"auto\";s:21:\"background-attachment\";s:6:\"scroll\";s:15:\"background-type\";s:0:\"\";s:16:\"background-media\";s:0:\"\";s:12:\"overlay-type\";s:0:\"\";s:13:\"overlay-color\";s:0:\"\";s:15:\"overlay-opacity\";s:0:\"\";s:16:\"overlay-gradient\";s:0:\"\";}}"],"ast-content-background-meta":["a:3:{s:7:\"desktop\";a:12:{s:16:\"background-color\";s:25:\"var(--ast-global-color-5)\";s:16:\"background-image\";s:0:\"\";s:17:\"background-repeat\";s:6:\"repeat\";s:19:\"background-position\";s:13:\"center center\";s:15:\"background-size\";s:4:\"auto\";s:21:\"background-attachment\";s:6:\"scroll\";s:15:\"background-type\";s:0:\"\";s:16:\"background-media\";s:0:\"\";s:12:\"overlay-type\";s:0:\"\";s:13:\"overlay-color\";s:0:\"\";s:15:\"overlay-opacity\";s:0:\"\";s:16:\"overlay-gradient\";s:0:\"\";}s:6:\"tablet\";a:12:{s:16:\"background-color\";s:25:\"var(--ast-global-color-5)\";s:16:\"background-image\";s:0:\"\";s:17:\"background-repeat\";s:6:\"repeat\";s:19:\"background-position\";s:13:\"center center\";s:15:\"background-size\";s:4:\"auto\";s:21:\"background-attachment\";s:6:\"scroll\";s:15:\"background-type\";s:0:\"\";s:16:\"background-media\";s:0:\"\";s:12:\"overlay-type\";s:0:\"\";s:13:\"overlay-color\";s:0:\"\";s:15:\"overlay-opacity\";s:0:\"\";s:16:\"overlay-gradient\";s:0:\"\";}s:6:\"mobile\";a:12:{s:16:\"background-color\";s:25:\"var(--ast-global-color-5)\";s:16:\"background-image\";s:0:\"\";s:17:\"background-repeat\";s:6:\"repeat\";s:19:\"background-position\";s:13:\"center center\";s:15:\"background-size\";s:4:\"auto\";s:21:\"background-attachment\";s:6:\"scroll\";s:15:\"background-type\";s:0:\"\";s:16:\"background-media\";s:0:\"\";s:12:\"overlay-type\";s:0:\"\";s:13:\"overlay-color\";s:0:\"\";s:15:\"overlay-opacity\";s:0:\"\";s:16:\"overlay-gradient\";s:0:\"\";}}"],"footnotes":[""],"_elementor_edit_mode":[""],"_elementor_template_type":[""],"_elementor_data":[""],"_elementor_conditions":["a:0:{}"],"_uag_css_file_name":["uag-css-3.css"],"_uag_page_assets":["a:9:{s:3:\"css\";s:7156:\".uag-blocks-common-selector{z-index:var(--z-index-desktop) !important}@media (max-width: 976px){.uag-blocks-common-selector{z-index:var(--z-index-tablet) !important}}@media (max-width: 767px){.uag-blocks-common-selector{z-index:var(--z-index-mobile) !important}}\n.wp-block-uagb-image{display:flex}.wp-block-uagb-image__figure{position:relative;display:flex;flex-direction:column;max-width:100%;height:auto;margin:0}.wp-block-uagb-image__figure img{height:auto;display:flex;max-width:100%;transition:box-shadow 0.2s ease}.wp-block-uagb-image__figure>a{display:inline-block}.wp-block-uagb-image__figure figcaption{text-align:center;margin-top:0.5em;margin-bottom:1em}.wp-block-uagb-image .components-placeholder.block-editor-media-placeholder .components-placeholder__instructions{align-self:center}.wp-block-uagb-image--align-left{text-align:left}.wp-block-uagb-image--align-right{text-align:right}.wp-block-uagb-image--align-center{text-align:center}.wp-block-uagb-image--align-full .wp-block-uagb-image__figure{margin-left:calc(50% - 50vw);margin-right:calc(50% - 50vw);max-width:100vw;width:100vw;height:auto}.wp-block-uagb-image--align-full .wp-block-uagb-image__figure img{height:auto;width:100% !important}.wp-block-uagb-image--align-wide .wp-block-uagb-image__figure img{height:auto;width:100%}.wp-block-uagb-image--layout-overlay__color-wrapper{position:absolute;left:0;top:0;right:0;bottom:0;opacity:0.2;background:rgba(0,0,0,0.5);transition:opacity 0.35s ease-in-out}.wp-block-uagb-image--layout-overlay-link{position:absolute;left:0;right:0;bottom:0;top:0}.wp-block-uagb-image--layout-overlay .wp-block-uagb-image__figure:hover .wp-block-uagb-image--layout-overlay__color-wrapper{opacity:1}.wp-block-uagb-image--layout-overlay__inner{position:absolute;left:15px;right:15px;bottom:15px;top:15px;display:flex;align-items:center;justify-content:center;flex-direction:column;border-color:#fff;transition:0.35s ease-in-out}.wp-block-uagb-image--layout-overlay__inner.top-left,.wp-block-uagb-image--layout-overlay__inner.top-center,.wp-block-uagb-image--layout-overlay__inner.top-right{justify-content:flex-start}.wp-block-uagb-image--layout-overlay__inner.bottom-left,.wp-block-uagb-image--layout-overlay__inner.bottom-center,.wp-block-uagb-image--layout-overlay__inner.bottom-right{justify-content:flex-end}.wp-block-uagb-image--layout-overlay__inner.top-left,.wp-block-uagb-image--layout-overlay__inner.center-left,.wp-block-uagb-image--layout-overlay__inner.bottom-left{align-items:flex-start}.wp-block-uagb-image--layout-overlay__inner.top-right,.wp-block-uagb-image--layout-overlay__inner.center-right,.wp-block-uagb-image--layout-overlay__inner.bottom-right{align-items:flex-end}.wp-block-uagb-image--layout-overlay__inner .uagb-image-heading{color:#fff;transition:transform 0.35s, opacity 0.35s ease-in-out;transform:translate3d(0, 24px, 0);margin:0;line-height:1em}.wp-block-uagb-image--layout-overlay__inner .uagb-image-separator{width:30%;border-top-width:2px;border-top-color:#fff;border-top-style:solid;margin-bottom:10px;opacity:0;transition:transform 0.4s, opacity 0.4s ease-in-out;transform:translate3d(0, 30px, 0)}.wp-block-uagb-image--layout-overlay__inner .uagb-image-caption{opacity:0;overflow:visible;color:#fff;transition:transform 0.45s, opacity 0.45s ease-in-out;transform:translate3d(0, 35px, 0)}.wp-block-uagb-image--layout-overlay__inner:hover .uagb-image-heading,.wp-block-uagb-image--layout-overlay__inner:hover .uagb-image-separator,.wp-block-uagb-image--layout-overlay__inner:hover .uagb-image-caption{opacity:1;transform:translate3d(0, 0, 0)}.wp-block-uagb-image--effect-zoomin .wp-block-uagb-image__figure img,.wp-block-uagb-image--effect-zoomin .wp-block-uagb-image__figure .wp-block-uagb-image--layout-overlay__color-wrapper{transform:scale(1);transition:transform 0.35s ease-in-out}.wp-block-uagb-image--effect-zoomin .wp-block-uagb-image__figure:hover img,.wp-block-uagb-image--effect-zoomin .wp-block-uagb-image__figure:hover .wp-block-uagb-image--layout-overlay__color-wrapper{transform:scale(1.05)}.wp-block-uagb-image--effect-slide .wp-block-uagb-image__figure img,.wp-block-uagb-image--effect-slide .wp-block-uagb-image__figure .wp-block-uagb-image--layout-overlay__color-wrapper{width:calc(100% + 40px) !important;max-width:none !important;transform:translate3d(-40px, 0, 0);transition:transform 0.35s ease-in-out}.wp-block-uagb-image--effect-slide .wp-block-uagb-image__figure:hover img,.wp-block-uagb-image--effect-slide .wp-block-uagb-image__figure:hover .wp-block-uagb-image--layout-overlay__color-wrapper{transform:translate3d(0, 0, 0)}.wp-block-uagb-image--effect-grayscale img{filter:grayscale(0%);transition:0.35s ease-in-out}.wp-block-uagb-image--effect-grayscale:hover img{filter:grayscale(100%)}.wp-block-uagb-image--effect-blur img{filter:blur(0);transition:0.35s ease-in-out}.wp-block-uagb-image--effect-blur:hover img{filter:blur(3px)}\n.uagb-block-e6f939b3.wp-block-uagb-image--layout-default figure img{box-shadow: 0px 0px 0 #00000070;}.uagb-block-e6f939b3.wp-block-uagb-image .wp-block-uagb-image__figure figcaption{font-style: normal;align-self: center;}.uagb-block-e6f939b3.wp-block-uagb-image--layout-overlay figure img{box-shadow: 0px 0px 0 #00000070;}.uagb-block-e6f939b3.wp-block-uagb-image--layout-overlay .wp-block-uagb-image--layout-overlay__color-wrapper{opacity: 0.2;}.uagb-block-e6f939b3.wp-block-uagb-image--layout-overlay .wp-block-uagb-image--layout-overlay__inner{left: 15px;right: 15px;top: 15px;bottom: 15px;}.uagb-block-e6f939b3.wp-block-uagb-image--layout-overlay .wp-block-uagb-image--layout-overlay__inner .uagb-image-heading{font-style: normal;color: #fff;opacity: 1;}.uagb-block-e6f939b3.wp-block-uagb-image--layout-overlay .wp-block-uagb-image--layout-overlay__inner .uagb-image-heading a{color: #fff;}.uagb-block-e6f939b3.wp-block-uagb-image--layout-overlay .wp-block-uagb-image--layout-overlay__inner .uagb-image-caption{opacity: 0;}.uagb-block-e6f939b3.wp-block-uagb-image--layout-overlay .wp-block-uagb-image__figure:hover .wp-block-uagb-image--layout-overlay__color-wrapper{opacity: 1;}.uagb-block-e6f939b3.wp-block-uagb-image .wp-block-uagb-image--layout-overlay__inner .uagb-image-separator{width: 30%;border-top-width: 2px;border-top-color: #fff;opacity: 0;}.uagb-block-e6f939b3.wp-block-uagb-image .wp-block-uagb-image__figure img{width: px;height: auto;}.uagb-block-e6f939b3.wp-block-uagb-image .wp-block-uagb-image__figure:hover .wp-block-uagb-image--layout-overlay__inner .uagb-image-caption{opacity: 1;}.uagb-block-e6f939b3.wp-block-uagb-image .wp-block-uagb-image__figure:hover .wp-block-uagb-image--layout-overlay__inner .uagb-image-separator{opacity: 1;}.uagb-block-e6f939b3.wp-block-uagb-image--layout-default figure:hover img{box-shadow: 0px 0px 0 #00000070;}.uagb-block-e6f939b3.wp-block-uagb-image--layout-overlay figure:hover img{box-shadow: 0px 0px 0 #00000070;}@media only screen and (max-width: 976px) {.uagb-block-e6f939b3.wp-block-uagb-image .wp-block-uagb-image__figure img{width: px;height: auto;}}@media only screen and (max-width: 767px) {.uagb-block-e6f939b3.wp-block-uagb-image .wp-block-uagb-image__figure img{width: px;height: auto;}}\";s:2:\"js\";s:0:\"\";s:18:\"current_block_list\";a:16:{i:0;s:12:\"core\/heading\";i:1;s:14:\"core\/paragraph\";i:2;s:9:\"core\/list\";i:3;s:14:\"core\/list-item\";i:4;s:11:\"core\/search\";i:5;s:10:\"core\/group\";i:6;s:17:\"core\/latest-posts\";i:7;s:20:\"core\/latest-comments\";i:8;s:13:\"core\/archives\";i:9;s:15:\"core\/categories\";i:10;s:10:\"uagb\/image\";i:11;s:11:\"core\/spacer\";i:12;s:30:\"woocommerce\/product-categories\";i:13;s:18:\"core\/legacy-widget\";i:14;s:10:\"core\/image\";i:15;s:14:\"core\/shortcode\";}s:8:\"uag_flag\";b:1;s:11:\"uag_version\";s:10:\"1776433774\";s:6:\"gfonts\";a:0:{}s:10:\"gfonts_url\";s:0:\"\";s:12:\"gfonts_files\";a:0:{}s:14:\"uag_faq_layout\";b:0;}"]},"uagb_featured_image_src":{"full":false,"thumbnail":false,"medium":false,"medium_large":false,"large":false,"1536x1536":false,"2048x2048":false,"trp-custom-language-flag":false},"uagb_author_info":{"display_name":"admin","author_link":"https:\/\/www.ferberenterprises.com\/hu\/author\/admin2721\/"},"uagb_comment_info":0,"uagb_excerpt":"Collection of information We collect information when you register on our site, log into your account, make a purchase, enter a contest, and\/or log out. Information collected includes your name, email address, phone number, and\/or credit card. Additionally, we automatically receive and record information from your computer and browser, including your IP address, software and&hellip;","_links":{"self":[{"href":"https:\/\/www.ferberenterprises.com\/hu\/wp-json\/wp\/v2\/pages\/3","targetHints":{"allow":["GET"]}}],"collection":[{"href":"https:\/\/www.ferberenterprises.com\/hu\/wp-json\/wp\/v2\/pages"}],"about":[{"href":"https:\/\/www.ferberenterprises.com\/hu\/wp-json\/wp\/v2\/types\/page"}],"author":[{"embeddable":true,"href":"https:\/\/www.ferberenterprises.com\/hu\/wp-json\/wp\/v2\/users\/1"}],"replies":[{"embeddable":true,"href":"https:\/\/www.ferberenterprises.com\/hu\/wp-json\/wp\/v2\/comments?post=3"}],"version-history":[{"count":4,"href":"https:\/\/www.ferberenterprises.com\/hu\/wp-json\/wp\/v2\/pages\/3\/revisions"}],"predecessor-version":[{"id":23164,"href":"https:\/\/www.ferberenterprises.com\/hu\/wp-json\/wp\/v2\/pages\/3\/revisions\/23164"}],"wp:attachment":[{"href":"https:\/\/www.ferberenterprises.com\/hu\/wp-json\/wp\/v2\/media?parent=3"}],"curies":[{"name":"wp","href":"https:\/\/api.w.org\/{rel}","templated":true}]}}