{"id":3,"date":"2025-04-10T11:35:39","date_gmt":"2025-04-10T09:35:39","guid":{"rendered":"https:\/\/www.stoprodent.com\/?page_id=3"},"modified":"2025-05-24T07:51:44","modified_gmt":"2025-05-24T05:51:44","slug":"privacy-policy","status":"publish","type":"page","link":"https:\/\/www.ferberenterprises.com\/dk\/privacy-policy\/","title":{"rendered":"Politik for beskyttelse af personlige oplysninger"},"content":{"rendered":"<h3 class=\"wp-block-heading\">Indsamling af information<\/h3>\n\n\n\n<p>Vi indsamler oplysninger, n\u00e5r du registrerer dig p\u00e5 vores websted, logger ind p\u00e5 din konto, foretager et k\u00f8b, deltager i en konkurrence og\/eller logger ud. De indsamlede oplysninger omfatter dit navn, din e-mailadresse, dit telefonnummer og\/eller dit kreditkort. Derudover modtager og registrerer vi automatisk oplysninger fra din computer og browser, herunder din IP-adresse, software og hardware og den side, du anmoder om.<\/p>\n\n\n\n<h3 class=\"wp-block-heading\">Brug af information\u00a0<\/h3>\n\n\n\n<p>Alle oplysninger, vi indsamler fra dig, kan bruges til at: - Tilpasse din oplevelse og opfylde dine individuelle behov - Tilbyde personligt tilpasset reklameindhold - Forbedre vores websted - Forbedre kundeservice og supportbehov - Kontakte dig via e-mail - Administrere en konkurrence, kampagne eller unders\u00f8gelse<\/p>\n\n\n\n<h3 class=\"wp-block-heading\">Privatlivets fred i e-handel\u00a0<\/h3>\n\n\n\n<p>Vi er de eneste ejere af de oplysninger, der indsamles p\u00e5 dette websted. Dine personlige oplysninger vil ikke blive solgt, udvekslet, overf\u00f8rt eller givet til nogen anden virksomhed af nogen grund uden dit samtykke, bortset fra hvad der er n\u00f8dvendigt for at opfylde en foresp\u00f8rgsel og\/eller transaktion, f.eks. at sende en ordre.<\/p>\n\n\n\n<h3 class=\"wp-block-heading\">Videregivelse til tredjeparter\u00a0<\/h3>\n\n\n\n<p>Vi s\u00e6lger, bytter eller overf\u00f8rer ikke dine personligt identificerbare oplysninger til tredjeparter. Dette omfatter ikke betroede tredjeparter, der hj\u00e6lper os med at drive vores hjemmeside eller drive vores forretning, s\u00e5 l\u00e6nge disse parter accepterer at holde disse oplysninger fortrolige. Vi mener, at det er n\u00f8dvendigt at dele oplysninger for at unders\u00f8ge, forhindre eller gribe ind over for ulovlige aktiviteter, mistanke om bedrageri, situationer, der involverer potentielle trusler mod en persons fysiske sikkerhed, overtr\u00e6delser af vores brugsbetingelser, eller n\u00e5r loven kr\u00e6ver, at vi g\u00f8r det. Ikke-private oplysninger kan dog gives til andre parter til markedsf\u00f8ring, reklame eller andre form\u00e5l.<\/p>\n\n\n\n<p>Identiteten p\u00e5 de forskellige enheder, der har adgang til personlige oplysninger, er angivet nedenfor:<\/p>\n\n\n\n<p>For moderselskabet:<\/p>\n\n\n\n<ul class=\"wp-block-list\">\n<li>Virksomhedens navn: Ferber Enterprises Limited<\/li>\n\n\n\n<li>Virksomhedsnummer: 136516C<\/li>\n\n\n\n<li>Direkt\u00f8r for virksomheden: Abigail Louise Reeder<\/li>\n\n\n\n<li>Virksomhedens hovedkontor: 9-11 Duke Street, IM1 2BB, Douglas, Isle of Man<\/li>\n\n\n\n<li>Virksomhedens juridiske form: Privat selskab med begr\u00e6nset ansvar<\/li>\n\n\n\n<li>Virksomhedens e-mailadresse:\u00a0<a href=\"mailto:info@ferberenterprises.com\">info@ferberenterprises.com<\/a><\/li>\n\n\n\n<li>Navn, fornavn eller firmanavn og adresse p\u00e5 webstedsv\u00e6rten: OVH SAS, 2 rue Kellermann, 59053 Roubaix, Frankrig<\/li>\n<\/ul>\n\n\n\n<p>For den virksomhed, der administrerer webstedet:<\/p>\n\n\n\n<ul class=\"wp-block-list\">\n<li>Virksomhedens navn: Ferber Entreprises Madagascar S.A.R.L.U.<\/li>\n\n\n\n<li>Virksomhedsnummer: 2019B00038<\/li>\n\n\n\n<li>Skatteidentifikationsnummer: 4003575715<\/li>\n\n\n\n<li>Direkt\u00f8r for virksomheden: Mahavonjy Zafindresamby<\/li>\n\n\n\n<li>Virksomhedens hovedkontor: 1 rue de l'\u00c9cole M\u00e9nag\u00e8re, 601, Tul\u00e9ar, Madagaskar<\/li>\n\n\n\n<li>Virksomhedens juridiske form: Enkeltmandsselskab med begr\u00e6nset ansvar<\/li>\n\n\n\n<li>Virksomhedens e-mailadresse:\u00a0<a href=\"mailto:info@ferberenterprises.com\">info@ferberenterprises.com<\/a><\/li>\n<\/ul>\n\n\n\n<p>For den virksomhed, der er ansvarlig for logistikken:<\/p>\n\n\n\n<ul class=\"wp-block-list\">\n<li>Virksomhedens navn: Ferber Enterprises Czechia s.r.o.<\/li>\n\n\n\n<li>Virksomhedsnummer: 09309195<\/li>\n\n\n\n<li>Momsnummer: CZ09309195<\/li>\n\n\n\n<li>Direkt\u00f8r for virksomheden: Zden\u011bk \u0160tembera<\/li>\n\n\n\n<li>Virksomhedens hovedkontor: Jirotova 375, Budova 35, 336 01, Blovice, Tjekkiet<\/li>\n\n\n\n<li>Virksomhedens juridiske form: Selskab med begr\u00e6nset ansvar<\/li>\n\n\n\n<li>Virksomhedens e-mailadresse:\u00a0<a href=\"mailto:info@ferberenterprises.com\">info@ferberenterprises.com<\/a><\/li>\n<\/ul>\n\n\n\n<h3 class=\"wp-block-heading\">Beskyttelse af oplysninger<\/h3>\n\n\n\n<p>Vi implementerer en r\u00e6kke sikkerhedsforanstaltninger for at holde dine personlige oplysninger sikre. Vi bruger topmoderne kryptering til at beskytte f\u00f8lsomme oplysninger, der overf\u00f8res online. Vi beskytter ogs\u00e5 dine oplysninger offline. Kun medarbejdere, der har brug for at udf\u00f8re et bestemt job (f.eks. fakturering eller kundeservice), har adgang til personligt identificerbare oplysninger. Computere og servere, der bruges til at gemme personligt identificerbare oplysninger, opbevares i et sikkert milj\u00f8.<\/p>\n\n\n\n<h3 class=\"wp-block-heading\">Afmeld dit abonnement<\/h3>\n\n\n\n<p>Vi bruger den e-mailadresse, du angiver, til at sende dig oplysninger og opdateringer vedr\u00f8rende din ordre, lejlighedsvise virksomhedsnyheder, relaterede produktoplysninger osv. Hvis du p\u00e5 noget tidspunkt \u00f8nsker at afmelde dig fra at modtage e-mails, findes der detaljerede afmeldingsinstruktioner i bunden af hver e-mail.<\/p>\n\n\n\n<h3 class=\"wp-block-heading\">Samtykke<\/h3>\n\n\n\n<p>Ved at bruge vores websted accepterer du vores privatlivspolitik.<\/p>","protected":false},"excerpt":{"rendered":"<p>Collection of information We collect information when you register on our site, log into your account, make a purchase, enter a contest, and\/or log out. Information collected includes your name, email address, phone number, and\/or credit card. Additionally, we automatically receive and record information from your computer and browser, including your IP address, software and [&hellip;]<\/p>\n","protected":false},"author":1,"featured_media":0,"parent":0,"menu_order":0,"comment_status":"closed","ping_status":"closed","template":"","meta":{"_uag_custom_page_level_css":"","site-sidebar-layout":"default","site-content-layout":"","ast-site-content-layout":"default","site-content-style":"default","site-sidebar-style":"default","ast-global-header-display":"","ast-banner-title-visibility":"","ast-main-header-display":"","ast-hfb-above-header-display":"","ast-hfb-below-header-display":"","ast-hfb-mobile-header-display":"","site-post-title":"","ast-breadcrumbs-content":"","ast-featured-img":"","footer-sml-layout":"","ast-disable-related-posts":"","theme-transparent-header-meta":"","adv-header-id-meta":"","stick-header-meta":"","header-above-stick-meta":"","header-main-stick-meta":"","header-below-stick-meta":"","astra-migrate-meta-layouts":"set","ast-page-background-enabled":"default","ast-page-background-meta":{"desktop":{"background-color":"","background-image":"","background-repeat":"repeat","background-position":"center center","background-size":"auto","background-attachment":"scroll","background-type":"","background-media":"","overlay-type":"","overlay-color":"","overlay-opacity":"","overlay-gradient":""},"tablet":{"background-color":"","background-image":"","background-repeat":"repeat","background-position":"center center","background-size":"auto","background-attachment":"scroll","background-type":"","background-media":"","overlay-type":"","overlay-color":"","overlay-opacity":"","overlay-gradient":""},"mobile":{"background-color":"","background-image":"","background-repeat":"repeat","background-position":"center center","background-size":"auto","background-attachment":"scroll","background-type":"","background-media":"","overlay-type":"","overlay-color":"","overlay-opacity":"","overlay-gradient":""}},"ast-content-background-meta":{"desktop":{"background-color":"var(--ast-global-color-5)","background-image":"","background-repeat":"repeat","background-position":"center center","background-size":"auto","background-attachment":"scroll","background-type":"","background-media":"","overlay-type":"","overlay-color":"","overlay-opacity":"","overlay-gradient":""},"tablet":{"background-color":"var(--ast-global-color-5)","background-image":"","background-repeat":"repeat","background-position":"center center","background-size":"auto","background-attachment":"scroll","background-type":"","background-media":"","overlay-type":"","overlay-color":"","overlay-opacity":"","overlay-gradient":""},"mobile":{"background-color":"var(--ast-global-color-5)","background-image":"","background-repeat":"repeat","background-position":"center center","background-size":"auto","background-attachment":"scroll","background-type":"","background-media":"","overlay-type":"","overlay-color":"","overlay-opacity":"","overlay-gradient":""}},"footnotes":""},"class_list":["post-3","page","type-page","status-publish","hentry"],"spectra_custom_meta":{"_wp_page_template":["default"],"_wpml_word_count":["1292"],"_edit_lock":["1748065904:1"],"_wpml_location_migration_done":["1"],"_edit_last":["1"],"_wpml_media_duplicate":["1"],"_wpml_media_featured":["1"],"rank_math_news_sitemap_robots":["index"],"rank_math_robots":["a:1:{i:0;s:5:\"index\";}"],"_uag_custom_page_level_css":[""],"site-sidebar-layout":["default"],"site-content-layout":[""],"ast-site-content-layout":["default"],"site-content-style":["default"],"site-sidebar-style":["default"],"ast-global-header-display":[""],"ast-banner-title-visibility":[""],"ast-main-header-display":[""],"ast-hfb-above-header-display":[""],"ast-hfb-below-header-display":[""],"ast-hfb-mobile-header-display":[""],"site-post-title":[""],"ast-breadcrumbs-content":[""],"ast-featured-img":[""],"footer-sml-layout":[""],"theme-transparent-header-meta":[""],"adv-header-id-meta":[""],"stick-header-meta":[""],"header-above-stick-meta":[""],"header-main-stick-meta":[""],"header-below-stick-meta":[""],"astra-migrate-meta-layouts":["set"],"ast-page-background-enabled":["default"],"ast-page-background-meta":["a:3:{s:7:\"desktop\";a:12:{s:16:\"background-color\";s:0:\"\";s:16:\"background-image\";s:0:\"\";s:17:\"background-repeat\";s:6:\"repeat\";s:19:\"background-position\";s:13:\"center center\";s:15:\"background-size\";s:4:\"auto\";s:21:\"background-attachment\";s:6:\"scroll\";s:15:\"background-type\";s:0:\"\";s:16:\"background-media\";s:0:\"\";s:12:\"overlay-type\";s:0:\"\";s:13:\"overlay-color\";s:0:\"\";s:15:\"overlay-opacity\";s:0:\"\";s:16:\"overlay-gradient\";s:0:\"\";}s:6:\"tablet\";a:12:{s:16:\"background-color\";s:0:\"\";s:16:\"background-image\";s:0:\"\";s:17:\"background-repeat\";s:6:\"repeat\";s:19:\"background-position\";s:13:\"center center\";s:15:\"background-size\";s:4:\"auto\";s:21:\"background-attachment\";s:6:\"scroll\";s:15:\"background-type\";s:0:\"\";s:16:\"background-media\";s:0:\"\";s:12:\"overlay-type\";s:0:\"\";s:13:\"overlay-color\";s:0:\"\";s:15:\"overlay-opacity\";s:0:\"\";s:16:\"overlay-gradient\";s:0:\"\";}s:6:\"mobile\";a:12:{s:16:\"background-color\";s:0:\"\";s:16:\"background-image\";s:0:\"\";s:17:\"background-repeat\";s:6:\"repeat\";s:19:\"background-position\";s:13:\"center center\";s:15:\"background-size\";s:4:\"auto\";s:21:\"background-attachment\";s:6:\"scroll\";s:15:\"background-type\";s:0:\"\";s:16:\"background-media\";s:0:\"\";s:12:\"overlay-type\";s:0:\"\";s:13:\"overlay-color\";s:0:\"\";s:15:\"overlay-opacity\";s:0:\"\";s:16:\"overlay-gradient\";s:0:\"\";}}"],"ast-content-background-meta":["a:3:{s:7:\"desktop\";a:12:{s:16:\"background-color\";s:25:\"var(--ast-global-color-5)\";s:16:\"background-image\";s:0:\"\";s:17:\"background-repeat\";s:6:\"repeat\";s:19:\"background-position\";s:13:\"center center\";s:15:\"background-size\";s:4:\"auto\";s:21:\"background-attachment\";s:6:\"scroll\";s:15:\"background-type\";s:0:\"\";s:16:\"background-media\";s:0:\"\";s:12:\"overlay-type\";s:0:\"\";s:13:\"overlay-color\";s:0:\"\";s:15:\"overlay-opacity\";s:0:\"\";s:16:\"overlay-gradient\";s:0:\"\";}s:6:\"tablet\";a:12:{s:16:\"background-color\";s:25:\"var(--ast-global-color-5)\";s:16:\"background-image\";s:0:\"\";s:17:\"background-repeat\";s:6:\"repeat\";s:19:\"background-position\";s:13:\"center center\";s:15:\"background-size\";s:4:\"auto\";s:21:\"background-attachment\";s:6:\"scroll\";s:15:\"background-type\";s:0:\"\";s:16:\"background-media\";s:0:\"\";s:12:\"overlay-type\";s:0:\"\";s:13:\"overlay-color\";s:0:\"\";s:15:\"overlay-opacity\";s:0:\"\";s:16:\"overlay-gradient\";s:0:\"\";}s:6:\"mobile\";a:12:{s:16:\"background-color\";s:25:\"var(--ast-global-color-5)\";s:16:\"background-image\";s:0:\"\";s:17:\"background-repeat\";s:6:\"repeat\";s:19:\"background-position\";s:13:\"center center\";s:15:\"background-size\";s:4:\"auto\";s:21:\"background-attachment\";s:6:\"scroll\";s:15:\"background-type\";s:0:\"\";s:16:\"background-media\";s:0:\"\";s:12:\"overlay-type\";s:0:\"\";s:13:\"overlay-color\";s:0:\"\";s:15:\"overlay-opacity\";s:0:\"\";s:16:\"overlay-gradient\";s:0:\"\";}}"],"footnotes":[""],"_elementor_edit_mode":[""],"_elementor_template_type":[""],"_elementor_data":[""],"_elementor_conditions":["a:0:{}"],"_uag_css_file_name":["uag-css-3.css"],"_uag_page_assets":["a:9:{s:3:\"css\";s:7156:\".uag-blocks-common-selector{z-index:var(--z-index-desktop) !important}@media (max-width: 976px){.uag-blocks-common-selector{z-index:var(--z-index-tablet) !important}}@media (max-width: 767px){.uag-blocks-common-selector{z-index:var(--z-index-mobile) !important}}\n.wp-block-uagb-image{display:flex}.wp-block-uagb-image__figure{position:relative;display:flex;flex-direction:column;max-width:100%;height:auto;margin:0}.wp-block-uagb-image__figure img{height:auto;display:flex;max-width:100%;transition:box-shadow 0.2s ease}.wp-block-uagb-image__figure>a{display:inline-block}.wp-block-uagb-image__figure figcaption{text-align:center;margin-top:0.5em;margin-bottom:1em}.wp-block-uagb-image .components-placeholder.block-editor-media-placeholder .components-placeholder__instructions{align-self:center}.wp-block-uagb-image--align-left{text-align:left}.wp-block-uagb-image--align-right{text-align:right}.wp-block-uagb-image--align-center{text-align:center}.wp-block-uagb-image--align-full .wp-block-uagb-image__figure{margin-left:calc(50% - 50vw);margin-right:calc(50% - 50vw);max-width:100vw;width:100vw;height:auto}.wp-block-uagb-image--align-full .wp-block-uagb-image__figure img{height:auto;width:100% !important}.wp-block-uagb-image--align-wide .wp-block-uagb-image__figure img{height:auto;width:100%}.wp-block-uagb-image--layout-overlay__color-wrapper{position:absolute;left:0;top:0;right:0;bottom:0;opacity:0.2;background:rgba(0,0,0,0.5);transition:opacity 0.35s ease-in-out}.wp-block-uagb-image--layout-overlay-link{position:absolute;left:0;right:0;bottom:0;top:0}.wp-block-uagb-image--layout-overlay .wp-block-uagb-image__figure:hover .wp-block-uagb-image--layout-overlay__color-wrapper{opacity:1}.wp-block-uagb-image--layout-overlay__inner{position:absolute;left:15px;right:15px;bottom:15px;top:15px;display:flex;align-items:center;justify-content:center;flex-direction:column;border-color:#fff;transition:0.35s ease-in-out}.wp-block-uagb-image--layout-overlay__inner.top-left,.wp-block-uagb-image--layout-overlay__inner.top-center,.wp-block-uagb-image--layout-overlay__inner.top-right{justify-content:flex-start}.wp-block-uagb-image--layout-overlay__inner.bottom-left,.wp-block-uagb-image--layout-overlay__inner.bottom-center,.wp-block-uagb-image--layout-overlay__inner.bottom-right{justify-content:flex-end}.wp-block-uagb-image--layout-overlay__inner.top-left,.wp-block-uagb-image--layout-overlay__inner.center-left,.wp-block-uagb-image--layout-overlay__inner.bottom-left{align-items:flex-start}.wp-block-uagb-image--layout-overlay__inner.top-right,.wp-block-uagb-image--layout-overlay__inner.center-right,.wp-block-uagb-image--layout-overlay__inner.bottom-right{align-items:flex-end}.wp-block-uagb-image--layout-overlay__inner .uagb-image-heading{color:#fff;transition:transform 0.35s, opacity 0.35s ease-in-out;transform:translate3d(0, 24px, 0);margin:0;line-height:1em}.wp-block-uagb-image--layout-overlay__inner .uagb-image-separator{width:30%;border-top-width:2px;border-top-color:#fff;border-top-style:solid;margin-bottom:10px;opacity:0;transition:transform 0.4s, opacity 0.4s ease-in-out;transform:translate3d(0, 30px, 0)}.wp-block-uagb-image--layout-overlay__inner .uagb-image-caption{opacity:0;overflow:visible;color:#fff;transition:transform 0.45s, opacity 0.45s ease-in-out;transform:translate3d(0, 35px, 0)}.wp-block-uagb-image--layout-overlay__inner:hover .uagb-image-heading,.wp-block-uagb-image--layout-overlay__inner:hover .uagb-image-separator,.wp-block-uagb-image--layout-overlay__inner:hover .uagb-image-caption{opacity:1;transform:translate3d(0, 0, 0)}.wp-block-uagb-image--effect-zoomin .wp-block-uagb-image__figure img,.wp-block-uagb-image--effect-zoomin .wp-block-uagb-image__figure .wp-block-uagb-image--layout-overlay__color-wrapper{transform:scale(1);transition:transform 0.35s ease-in-out}.wp-block-uagb-image--effect-zoomin .wp-block-uagb-image__figure:hover img,.wp-block-uagb-image--effect-zoomin .wp-block-uagb-image__figure:hover .wp-block-uagb-image--layout-overlay__color-wrapper{transform:scale(1.05)}.wp-block-uagb-image--effect-slide .wp-block-uagb-image__figure img,.wp-block-uagb-image--effect-slide .wp-block-uagb-image__figure .wp-block-uagb-image--layout-overlay__color-wrapper{width:calc(100% + 40px) !important;max-width:none !important;transform:translate3d(-40px, 0, 0);transition:transform 0.35s ease-in-out}.wp-block-uagb-image--effect-slide .wp-block-uagb-image__figure:hover img,.wp-block-uagb-image--effect-slide .wp-block-uagb-image__figure:hover .wp-block-uagb-image--layout-overlay__color-wrapper{transform:translate3d(0, 0, 0)}.wp-block-uagb-image--effect-grayscale img{filter:grayscale(0%);transition:0.35s ease-in-out}.wp-block-uagb-image--effect-grayscale:hover img{filter:grayscale(100%)}.wp-block-uagb-image--effect-blur img{filter:blur(0);transition:0.35s ease-in-out}.wp-block-uagb-image--effect-blur:hover img{filter:blur(3px)}\n.uagb-block-e6f939b3.wp-block-uagb-image--layout-default figure img{box-shadow: 0px 0px 0 #00000070;}.uagb-block-e6f939b3.wp-block-uagb-image .wp-block-uagb-image__figure figcaption{font-style: normal;align-self: center;}.uagb-block-e6f939b3.wp-block-uagb-image--layout-overlay figure img{box-shadow: 0px 0px 0 #00000070;}.uagb-block-e6f939b3.wp-block-uagb-image--layout-overlay .wp-block-uagb-image--layout-overlay__color-wrapper{opacity: 0.2;}.uagb-block-e6f939b3.wp-block-uagb-image--layout-overlay .wp-block-uagb-image--layout-overlay__inner{left: 15px;right: 15px;top: 15px;bottom: 15px;}.uagb-block-e6f939b3.wp-block-uagb-image--layout-overlay .wp-block-uagb-image--layout-overlay__inner .uagb-image-heading{font-style: normal;color: #fff;opacity: 1;}.uagb-block-e6f939b3.wp-block-uagb-image--layout-overlay .wp-block-uagb-image--layout-overlay__inner .uagb-image-heading a{color: #fff;}.uagb-block-e6f939b3.wp-block-uagb-image--layout-overlay .wp-block-uagb-image--layout-overlay__inner .uagb-image-caption{opacity: 0;}.uagb-block-e6f939b3.wp-block-uagb-image--layout-overlay .wp-block-uagb-image__figure:hover .wp-block-uagb-image--layout-overlay__color-wrapper{opacity: 1;}.uagb-block-e6f939b3.wp-block-uagb-image .wp-block-uagb-image--layout-overlay__inner .uagb-image-separator{width: 30%;border-top-width: 2px;border-top-color: #fff;opacity: 0;}.uagb-block-e6f939b3.wp-block-uagb-image .wp-block-uagb-image__figure img{width: px;height: auto;}.uagb-block-e6f939b3.wp-block-uagb-image .wp-block-uagb-image__figure:hover .wp-block-uagb-image--layout-overlay__inner .uagb-image-caption{opacity: 1;}.uagb-block-e6f939b3.wp-block-uagb-image .wp-block-uagb-image__figure:hover .wp-block-uagb-image--layout-overlay__inner .uagb-image-separator{opacity: 1;}.uagb-block-e6f939b3.wp-block-uagb-image--layout-default figure:hover img{box-shadow: 0px 0px 0 #00000070;}.uagb-block-e6f939b3.wp-block-uagb-image--layout-overlay figure:hover img{box-shadow: 0px 0px 0 #00000070;}@media only screen and (max-width: 976px) {.uagb-block-e6f939b3.wp-block-uagb-image .wp-block-uagb-image__figure img{width: px;height: auto;}}@media only screen and (max-width: 767px) {.uagb-block-e6f939b3.wp-block-uagb-image .wp-block-uagb-image__figure img{width: px;height: auto;}}\";s:2:\"js\";s:0:\"\";s:18:\"current_block_list\";a:16:{i:0;s:12:\"core\/heading\";i:1;s:14:\"core\/paragraph\";i:2;s:9:\"core\/list\";i:3;s:14:\"core\/list-item\";i:4;s:11:\"core\/search\";i:5;s:10:\"core\/group\";i:6;s:17:\"core\/latest-posts\";i:7;s:20:\"core\/latest-comments\";i:8;s:13:\"core\/archives\";i:9;s:15:\"core\/categories\";i:10;s:10:\"uagb\/image\";i:11;s:11:\"core\/spacer\";i:12;s:30:\"woocommerce\/product-categories\";i:13;s:18:\"core\/legacy-widget\";i:14;s:10:\"core\/image\";i:15;s:14:\"core\/shortcode\";}s:8:\"uag_flag\";b:1;s:11:\"uag_version\";s:10:\"1776439048\";s:6:\"gfonts\";a:0:{}s:10:\"gfonts_url\";s:0:\"\";s:12:\"gfonts_files\";a:0:{}s:14:\"uag_faq_layout\";b:0;}"]},"uagb_featured_image_src":{"full":false,"thumbnail":false,"medium":false,"medium_large":false,"large":false,"1536x1536":false,"2048x2048":false,"trp-custom-language-flag":false},"uagb_author_info":{"display_name":"admin","author_link":"https:\/\/www.ferberenterprises.com\/dk\/author\/admin2721\/"},"uagb_comment_info":0,"uagb_excerpt":"Collection of information We collect information when you register on our site, log into your account, make a purchase, enter a contest, and\/or log out. Information collected includes your name, email address, phone number, and\/or credit card. Additionally, we automatically receive and record information from your computer and browser, including your IP address, software and&hellip;","_links":{"self":[{"href":"https:\/\/www.ferberenterprises.com\/dk\/wp-json\/wp\/v2\/pages\/3","targetHints":{"allow":["GET"]}}],"collection":[{"href":"https:\/\/www.ferberenterprises.com\/dk\/wp-json\/wp\/v2\/pages"}],"about":[{"href":"https:\/\/www.ferberenterprises.com\/dk\/wp-json\/wp\/v2\/types\/page"}],"author":[{"embeddable":true,"href":"https:\/\/www.ferberenterprises.com\/dk\/wp-json\/wp\/v2\/users\/1"}],"replies":[{"embeddable":true,"href":"https:\/\/www.ferberenterprises.com\/dk\/wp-json\/wp\/v2\/comments?post=3"}],"version-history":[{"count":4,"href":"https:\/\/www.ferberenterprises.com\/dk\/wp-json\/wp\/v2\/pages\/3\/revisions"}],"predecessor-version":[{"id":23164,"href":"https:\/\/www.ferberenterprises.com\/dk\/wp-json\/wp\/v2\/pages\/3\/revisions\/23164"}],"wp:attachment":[{"href":"https:\/\/www.ferberenterprises.com\/dk\/wp-json\/wp\/v2\/media?parent=3"}],"curies":[{"name":"wp","href":"https:\/\/api.w.org\/{rel}","templated":true}]}}