{"id":3,"date":"2025-04-10T11:35:39","date_gmt":"2025-04-10T09:35:39","guid":{"rendered":"https:\/\/www.stoprodent.com\/?page_id=3"},"modified":"2025-05-24T07:51:44","modified_gmt":"2025-05-24T05:51:44","slug":"privacy-policy","status":"publish","type":"page","link":"https:\/\/www.ferberenterprises.com\/de\/privacy-policy\/","title":{"rendered":"Datenschutzbestimmungen"},"content":{"rendered":"<h3 class=\"wp-block-heading\">Sammlung von Informationen<\/h3>\n\n\n\n<p>Wir sammeln Informationen, wenn Sie sich auf unserer Website registrieren, sich in Ihr Konto einloggen, einen Kauf t\u00e4tigen, an einem Wettbewerb teilnehmen und\/oder sich abmelden. Zu den erfassten Daten geh\u00f6ren Ihr Name, Ihre E-Mail-Adresse, Ihre Telefonnummer und\/oder Ihre Kreditkarte. Au\u00dferdem erhalten und speichern wir automatisch Informationen von Ihrem Computer und Browser, einschlie\u00dflich Ihrer IP-Adresse, Software und Hardware sowie der von Ihnen angeforderten Seite.<\/p>\n\n\n\n<h3 class=\"wp-block-heading\">Nutzung von Informationen\u00a0<\/h3>\n\n\n\n<p>Alle Informationen, die wir von Ihnen sammeln, k\u00f6nnen verwendet werden, um: - Personalisierung Ihrer Erfahrung und Erf\u00fcllung Ihrer individuellen Bed\u00fcrfnisse - Bereitstellung personalisierter Werbeinhalte - Verbesserung unserer Website - Verbesserung des Kundendienstes und der Support-Anforderungen - Kontaktaufnahme per E-Mail - Verwaltung eines Wettbewerbs, einer Werbeaktion oder einer Umfrage<\/p>\n\n\n\n<h3 class=\"wp-block-heading\">Datenschutz im elektronischen Gesch\u00e4ftsverkehr\u00a0<\/h3>\n\n\n\n<p>Wir sind die alleinigen Eigent\u00fcmer der auf dieser Website gesammelten Informationen. Ihre pers\u00f6nlichen Daten werden ohne Ihre Zustimmung nicht verkauft, ausgetauscht, \u00fcbertragen oder an ein anderes Unternehmen weitergegeben, es sei denn, dies ist notwendig, um eine Anfrage und\/oder eine Transaktion zu erf\u00fcllen, z. B. um eine Bestellung zu versenden.<\/p>\n\n\n\n<h3 class=\"wp-block-heading\">Offenlegung gegen\u00fcber Dritten\u00a0<\/h3>\n\n\n\n<p>Wir verkaufen, tauschen oder \u00fcbertragen Ihre pers\u00f6nlich identifizierbaren Daten nicht an Dritte. Davon ausgenommen sind vertrauensw\u00fcrdige Dritte, die uns beim Betrieb unserer Website oder bei der Abwicklung unserer Gesch\u00e4fte unterst\u00fctzen, sofern sich diese Parteien verpflichten, diese Informationen vertraulich zu behandeln. Wir sind der Ansicht, dass es notwendig ist, Informationen weiterzugeben, um illegale Aktivit\u00e4ten, vermuteten Betrug, Situationen, die eine potenzielle Bedrohung f\u00fcr die physische Sicherheit von Personen darstellen, Verst\u00f6\u00dfe gegen unsere Nutzungsbedingungen zu untersuchen, zu verhindern oder Ma\u00dfnahmen zu ergreifen, oder wenn das Gesetz uns dazu verpflichtet. Nicht-private Informationen k\u00f6nnen jedoch zu Marketing-, Werbe- oder anderen Zwecken an andere Parteien weitergegeben werden.<\/p>\n\n\n\n<p>Die Identit\u00e4t der verschiedenen Stellen, die Zugang zu personenbezogenen Daten haben, ist nachstehend aufgef\u00fchrt:<\/p>\n\n\n\n<p>F\u00fcr die Muttergesellschaft:<\/p>\n\n\n\n<ul class=\"wp-block-list\">\n<li>Name des Unternehmens: Ferber Enterprises Limited<\/li>\n\n\n\n<li>Unternehmensnummer: 136516C<\/li>\n\n\n\n<li>Direktorin des Unternehmens: Abigail Louise Reeder<\/li>\n\n\n\n<li>Hauptsitz der Gesellschaft: 9-11 Duke Street, IM1 2BB, Douglas, Isle of Man<\/li>\n\n\n\n<li>Rechtsform des Unternehmens: Privatgesellschaft mit beschr\u00e4nkter Haftung auf Aktien<\/li>\n\n\n\n<li>E-Mail Adresse des Unternehmens:\u00a0<a href=\"mailto:info@ferberenterprises.com\">info@ferberenterprises.com<\/a><\/li>\n\n\n\n<li>Name, Vorname oder Firmenname und Anschrift des Betreibers der Website: OVH SAS, 2 rue Kellermann, 59053 Roubaix, Frankreich<\/li>\n<\/ul>\n\n\n\n<p>F\u00fcr das Unternehmen, das die Website verwaltet:<\/p>\n\n\n\n<ul class=\"wp-block-list\">\n<li>Name des Unternehmens: Ferber Entreprises Madagascar S.A.R.L.U.<\/li>\n\n\n\n<li>Unternehmensnummer: 2019B00038<\/li>\n\n\n\n<li>Steueridentifikationsnummer: 4003575715<\/li>\n\n\n\n<li>Direktor des Unternehmens: Mahavonjy Zafindresamby<\/li>\n\n\n\n<li>Hauptsitz des Unternehmens: 1 rue de l'\u00c9cole M\u00e9nag\u00e8re, 601, Tul\u00e9ar, Madagaskar<\/li>\n\n\n\n<li>Rechtsform des Unternehmens: Gesellschaft mit beschr\u00e4nkter Haftung mit einem Mitglied<\/li>\n\n\n\n<li>E-Mail Adresse des Unternehmens:\u00a0<a href=\"mailto:info@ferberenterprises.com\">info@ferberenterprises.com<\/a><\/li>\n<\/ul>\n\n\n\n<p>F\u00fcr das f\u00fcr die Logistik zust\u00e4ndige Unternehmen:<\/p>\n\n\n\n<ul class=\"wp-block-list\">\n<li>Name des Unternehmens: Ferber Enterprises Czechia s.r.o.<\/li>\n\n\n\n<li>Unternehmensnummer: 09309195<\/li>\n\n\n\n<li>Umsatzsteuer-Identifikationsnummer: CZ09309195<\/li>\n\n\n\n<li>Direktor des Unternehmens: Zden\u011bk \u0160tembera<\/li>\n\n\n\n<li>Hauptsitz des Unternehmens: Jirotova 375, Budova 35, 336 01, Blovice, Tschechische Republik<\/li>\n\n\n\n<li>Rechtsform des Unternehmens: Gesellschaft mit beschr\u00e4nkter Haftung<\/li>\n\n\n\n<li>E-Mail Adresse des Unternehmens:\u00a0<a href=\"mailto:info@ferberenterprises.com\">info@ferberenterprises.com<\/a><\/li>\n<\/ul>\n\n\n\n<h3 class=\"wp-block-heading\">Schutz von Informationen<\/h3>\n\n\n\n<p>Wir setzen eine Reihe von Sicherheitsma\u00dfnahmen ein, um Ihre pers\u00f6nlichen Daten zu sch\u00fctzen. Wir verwenden modernste Verschl\u00fcsselungstechniken zum Schutz sensibler Daten, die online \u00fcbertragen werden. Wir sch\u00fctzen Ihre Daten auch offline. Nur Mitarbeiter, die eine bestimmte Aufgabe erf\u00fcllen m\u00fcssen (z. B. Rechnungsstellung oder Kundendienst), haben Zugang zu personenbezogenen Daten. Die Computer und Server, auf denen personenbezogene Daten gespeichert werden, befinden sich in einer sicheren Umgebung.<\/p>\n\n\n\n<h3 class=\"wp-block-heading\">Abbestellen<\/h3>\n\n\n\n<p>Wir verwenden die von Ihnen angegebene E-Mail-Adresse, um Ihnen Informationen und Aktualisierungen in Bezug auf Ihre Bestellung, gelegentliche Unternehmensnachrichten, verwandte Produktinformationen usw. zu senden. Wenn Sie zu irgendeinem Zeitpunkt den Erhalt von E-Mails abbestellen m\u00f6chten, finden Sie am Ende jeder E-Mail ausf\u00fchrliche Anweisungen zur Abbestellung.<\/p>\n\n\n\n<h3 class=\"wp-block-heading\">Zustimmung<\/h3>\n\n\n\n<p>Durch die Nutzung unserer Website erkl\u00e4ren Sie sich mit unserer Datenschutzpolitik einverstanden.<\/p>","protected":false},"excerpt":{"rendered":"<p>Collection of information We collect information when you register on our site, log into your account, make a purchase, enter a contest, and\/or log out. Information collected includes your name, email address, phone number, and\/or credit card. Additionally, we automatically receive and record information from your computer and browser, including your IP address, software and [&hellip;]<\/p>\n","protected":false},"author":1,"featured_media":0,"parent":0,"menu_order":0,"comment_status":"closed","ping_status":"closed","template":"","meta":{"_uag_custom_page_level_css":"","site-sidebar-layout":"default","site-content-layout":"","ast-site-content-layout":"default","site-content-style":"default","site-sidebar-style":"default","ast-global-header-display":"","ast-banner-title-visibility":"","ast-main-header-display":"","ast-hfb-above-header-display":"","ast-hfb-below-header-display":"","ast-hfb-mobile-header-display":"","site-post-title":"","ast-breadcrumbs-content":"","ast-featured-img":"","footer-sml-layout":"","ast-disable-related-posts":"","theme-transparent-header-meta":"","adv-header-id-meta":"","stick-header-meta":"","header-above-stick-meta":"","header-main-stick-meta":"","header-below-stick-meta":"","astra-migrate-meta-layouts":"set","ast-page-background-enabled":"default","ast-page-background-meta":{"desktop":{"background-color":"","background-image":"","background-repeat":"repeat","background-position":"center center","background-size":"auto","background-attachment":"scroll","background-type":"","background-media":"","overlay-type":"","overlay-color":"","overlay-opacity":"","overlay-gradient":""},"tablet":{"background-color":"","background-image":"","background-repeat":"repeat","background-position":"center center","background-size":"auto","background-attachment":"scroll","background-type":"","background-media":"","overlay-type":"","overlay-color":"","overlay-opacity":"","overlay-gradient":""},"mobile":{"background-color":"","background-image":"","background-repeat":"repeat","background-position":"center center","background-size":"auto","background-attachment":"scroll","background-type":"","background-media":"","overlay-type":"","overlay-color":"","overlay-opacity":"","overlay-gradient":""}},"ast-content-background-meta":{"desktop":{"background-color":"var(--ast-global-color-5)","background-image":"","background-repeat":"repeat","background-position":"center center","background-size":"auto","background-attachment":"scroll","background-type":"","background-media":"","overlay-type":"","overlay-color":"","overlay-opacity":"","overlay-gradient":""},"tablet":{"background-color":"var(--ast-global-color-5)","background-image":"","background-repeat":"repeat","background-position":"center center","background-size":"auto","background-attachment":"scroll","background-type":"","background-media":"","overlay-type":"","overlay-color":"","overlay-opacity":"","overlay-gradient":""},"mobile":{"background-color":"var(--ast-global-color-5)","background-image":"","background-repeat":"repeat","background-position":"center center","background-size":"auto","background-attachment":"scroll","background-type":"","background-media":"","overlay-type":"","overlay-color":"","overlay-opacity":"","overlay-gradient":""}},"footnotes":""},"class_list":["post-3","page","type-page","status-publish","hentry"],"spectra_custom_meta":{"_wp_page_template":["default"],"_wpml_word_count":["1292"],"_edit_lock":["1748065904:1"],"_wpml_location_migration_done":["1"],"_edit_last":["1"],"_wpml_media_duplicate":["1"],"_wpml_media_featured":["1"],"rank_math_news_sitemap_robots":["index"],"rank_math_robots":["a:1:{i:0;s:5:\"index\";}"],"_uag_custom_page_level_css":[""],"site-sidebar-layout":["default"],"site-content-layout":[""],"ast-site-content-layout":["default"],"site-content-style":["default"],"site-sidebar-style":["default"],"ast-global-header-display":[""],"ast-banner-title-visibility":[""],"ast-main-header-display":[""],"ast-hfb-above-header-display":[""],"ast-hfb-below-header-display":[""],"ast-hfb-mobile-header-display":[""],"site-post-title":[""],"ast-breadcrumbs-content":[""],"ast-featured-img":[""],"footer-sml-layout":[""],"theme-transparent-header-meta":[""],"adv-header-id-meta":[""],"stick-header-meta":[""],"header-above-stick-meta":[""],"header-main-stick-meta":[""],"header-below-stick-meta":[""],"astra-migrate-meta-layouts":["set"],"ast-page-background-enabled":["default"],"ast-page-background-meta":["a:3:{s:7:\"desktop\";a:12:{s:16:\"background-color\";s:0:\"\";s:16:\"background-image\";s:0:\"\";s:17:\"background-repeat\";s:6:\"repeat\";s:19:\"background-position\";s:13:\"center center\";s:15:\"background-size\";s:4:\"auto\";s:21:\"background-attachment\";s:6:\"scroll\";s:15:\"background-type\";s:0:\"\";s:16:\"background-media\";s:0:\"\";s:12:\"overlay-type\";s:0:\"\";s:13:\"overlay-color\";s:0:\"\";s:15:\"overlay-opacity\";s:0:\"\";s:16:\"overlay-gradient\";s:0:\"\";}s:6:\"tablet\";a:12:{s:16:\"background-color\";s:0:\"\";s:16:\"background-image\";s:0:\"\";s:17:\"background-repeat\";s:6:\"repeat\";s:19:\"background-position\";s:13:\"center center\";s:15:\"background-size\";s:4:\"auto\";s:21:\"background-attachment\";s:6:\"scroll\";s:15:\"background-type\";s:0:\"\";s:16:\"background-media\";s:0:\"\";s:12:\"overlay-type\";s:0:\"\";s:13:\"overlay-color\";s:0:\"\";s:15:\"overlay-opacity\";s:0:\"\";s:16:\"overlay-gradient\";s:0:\"\";}s:6:\"mobile\";a:12:{s:16:\"background-color\";s:0:\"\";s:16:\"background-image\";s:0:\"\";s:17:\"background-repeat\";s:6:\"repeat\";s:19:\"background-position\";s:13:\"center center\";s:15:\"background-size\";s:4:\"auto\";s:21:\"background-attachment\";s:6:\"scroll\";s:15:\"background-type\";s:0:\"\";s:16:\"background-media\";s:0:\"\";s:12:\"overlay-type\";s:0:\"\";s:13:\"overlay-color\";s:0:\"\";s:15:\"overlay-opacity\";s:0:\"\";s:16:\"overlay-gradient\";s:0:\"\";}}"],"ast-content-background-meta":["a:3:{s:7:\"desktop\";a:12:{s:16:\"background-color\";s:25:\"var(--ast-global-color-5)\";s:16:\"background-image\";s:0:\"\";s:17:\"background-repeat\";s:6:\"repeat\";s:19:\"background-position\";s:13:\"center center\";s:15:\"background-size\";s:4:\"auto\";s:21:\"background-attachment\";s:6:\"scroll\";s:15:\"background-type\";s:0:\"\";s:16:\"background-media\";s:0:\"\";s:12:\"overlay-type\";s:0:\"\";s:13:\"overlay-color\";s:0:\"\";s:15:\"overlay-opacity\";s:0:\"\";s:16:\"overlay-gradient\";s:0:\"\";}s:6:\"tablet\";a:12:{s:16:\"background-color\";s:25:\"var(--ast-global-color-5)\";s:16:\"background-image\";s:0:\"\";s:17:\"background-repeat\";s:6:\"repeat\";s:19:\"background-position\";s:13:\"center center\";s:15:\"background-size\";s:4:\"auto\";s:21:\"background-attachment\";s:6:\"scroll\";s:15:\"background-type\";s:0:\"\";s:16:\"background-media\";s:0:\"\";s:12:\"overlay-type\";s:0:\"\";s:13:\"overlay-color\";s:0:\"\";s:15:\"overlay-opacity\";s:0:\"\";s:16:\"overlay-gradient\";s:0:\"\";}s:6:\"mobile\";a:12:{s:16:\"background-color\";s:25:\"var(--ast-global-color-5)\";s:16:\"background-image\";s:0:\"\";s:17:\"background-repeat\";s:6:\"repeat\";s:19:\"background-position\";s:13:\"center center\";s:15:\"background-size\";s:4:\"auto\";s:21:\"background-attachment\";s:6:\"scroll\";s:15:\"background-type\";s:0:\"\";s:16:\"background-media\";s:0:\"\";s:12:\"overlay-type\";s:0:\"\";s:13:\"overlay-color\";s:0:\"\";s:15:\"overlay-opacity\";s:0:\"\";s:16:\"overlay-gradient\";s:0:\"\";}}"],"footnotes":[""],"_elementor_edit_mode":[""],"_elementor_template_type":[""],"_elementor_data":[""],"_elementor_conditions":["a:0:{}"],"_uag_css_file_name":["uag-css-3.css"],"_uag_page_assets":["a:9:{s:3:\"css\";s:7156:\".uag-blocks-common-selector{z-index:var(--z-index-desktop) !important}@media (max-width: 976px){.uag-blocks-common-selector{z-index:var(--z-index-tablet) !important}}@media (max-width: 767px){.uag-blocks-common-selector{z-index:var(--z-index-mobile) !important}}\n.wp-block-uagb-image{display:flex}.wp-block-uagb-image__figure{position:relative;display:flex;flex-direction:column;max-width:100%;height:auto;margin:0}.wp-block-uagb-image__figure img{height:auto;display:flex;max-width:100%;transition:box-shadow 0.2s ease}.wp-block-uagb-image__figure>a{display:inline-block}.wp-block-uagb-image__figure figcaption{text-align:center;margin-top:0.5em;margin-bottom:1em}.wp-block-uagb-image .components-placeholder.block-editor-media-placeholder .components-placeholder__instructions{align-self:center}.wp-block-uagb-image--align-left{text-align:left}.wp-block-uagb-image--align-right{text-align:right}.wp-block-uagb-image--align-center{text-align:center}.wp-block-uagb-image--align-full .wp-block-uagb-image__figure{margin-left:calc(50% - 50vw);margin-right:calc(50% - 50vw);max-width:100vw;width:100vw;height:auto}.wp-block-uagb-image--align-full .wp-block-uagb-image__figure img{height:auto;width:100% !important}.wp-block-uagb-image--align-wide .wp-block-uagb-image__figure img{height:auto;width:100%}.wp-block-uagb-image--layout-overlay__color-wrapper{position:absolute;left:0;top:0;right:0;bottom:0;opacity:0.2;background:rgba(0,0,0,0.5);transition:opacity 0.35s ease-in-out}.wp-block-uagb-image--layout-overlay-link{position:absolute;left:0;right:0;bottom:0;top:0}.wp-block-uagb-image--layout-overlay .wp-block-uagb-image__figure:hover .wp-block-uagb-image--layout-overlay__color-wrapper{opacity:1}.wp-block-uagb-image--layout-overlay__inner{position:absolute;left:15px;right:15px;bottom:15px;top:15px;display:flex;align-items:center;justify-content:center;flex-direction:column;border-color:#fff;transition:0.35s ease-in-out}.wp-block-uagb-image--layout-overlay__inner.top-left,.wp-block-uagb-image--layout-overlay__inner.top-center,.wp-block-uagb-image--layout-overlay__inner.top-right{justify-content:flex-start}.wp-block-uagb-image--layout-overlay__inner.bottom-left,.wp-block-uagb-image--layout-overlay__inner.bottom-center,.wp-block-uagb-image--layout-overlay__inner.bottom-right{justify-content:flex-end}.wp-block-uagb-image--layout-overlay__inner.top-left,.wp-block-uagb-image--layout-overlay__inner.center-left,.wp-block-uagb-image--layout-overlay__inner.bottom-left{align-items:flex-start}.wp-block-uagb-image--layout-overlay__inner.top-right,.wp-block-uagb-image--layout-overlay__inner.center-right,.wp-block-uagb-image--layout-overlay__inner.bottom-right{align-items:flex-end}.wp-block-uagb-image--layout-overlay__inner .uagb-image-heading{color:#fff;transition:transform 0.35s, opacity 0.35s ease-in-out;transform:translate3d(0, 24px, 0);margin:0;line-height:1em}.wp-block-uagb-image--layout-overlay__inner .uagb-image-separator{width:30%;border-top-width:2px;border-top-color:#fff;border-top-style:solid;margin-bottom:10px;opacity:0;transition:transform 0.4s, opacity 0.4s ease-in-out;transform:translate3d(0, 30px, 0)}.wp-block-uagb-image--layout-overlay__inner .uagb-image-caption{opacity:0;overflow:visible;color:#fff;transition:transform 0.45s, opacity 0.45s ease-in-out;transform:translate3d(0, 35px, 0)}.wp-block-uagb-image--layout-overlay__inner:hover .uagb-image-heading,.wp-block-uagb-image--layout-overlay__inner:hover .uagb-image-separator,.wp-block-uagb-image--layout-overlay__inner:hover .uagb-image-caption{opacity:1;transform:translate3d(0, 0, 0)}.wp-block-uagb-image--effect-zoomin .wp-block-uagb-image__figure img,.wp-block-uagb-image--effect-zoomin .wp-block-uagb-image__figure .wp-block-uagb-image--layout-overlay__color-wrapper{transform:scale(1);transition:transform 0.35s ease-in-out}.wp-block-uagb-image--effect-zoomin .wp-block-uagb-image__figure:hover img,.wp-block-uagb-image--effect-zoomin .wp-block-uagb-image__figure:hover .wp-block-uagb-image--layout-overlay__color-wrapper{transform:scale(1.05)}.wp-block-uagb-image--effect-slide .wp-block-uagb-image__figure img,.wp-block-uagb-image--effect-slide .wp-block-uagb-image__figure .wp-block-uagb-image--layout-overlay__color-wrapper{width:calc(100% + 40px) !important;max-width:none !important;transform:translate3d(-40px, 0, 0);transition:transform 0.35s ease-in-out}.wp-block-uagb-image--effect-slide .wp-block-uagb-image__figure:hover img,.wp-block-uagb-image--effect-slide .wp-block-uagb-image__figure:hover .wp-block-uagb-image--layout-overlay__color-wrapper{transform:translate3d(0, 0, 0)}.wp-block-uagb-image--effect-grayscale img{filter:grayscale(0%);transition:0.35s ease-in-out}.wp-block-uagb-image--effect-grayscale:hover img{filter:grayscale(100%)}.wp-block-uagb-image--effect-blur img{filter:blur(0);transition:0.35s ease-in-out}.wp-block-uagb-image--effect-blur:hover img{filter:blur(3px)}\n.uagb-block-e6f939b3.wp-block-uagb-image--layout-default figure img{box-shadow: 0px 0px 0 #00000070;}.uagb-block-e6f939b3.wp-block-uagb-image .wp-block-uagb-image__figure figcaption{font-style: normal;align-self: center;}.uagb-block-e6f939b3.wp-block-uagb-image--layout-overlay figure img{box-shadow: 0px 0px 0 #00000070;}.uagb-block-e6f939b3.wp-block-uagb-image--layout-overlay .wp-block-uagb-image--layout-overlay__color-wrapper{opacity: 0.2;}.uagb-block-e6f939b3.wp-block-uagb-image--layout-overlay .wp-block-uagb-image--layout-overlay__inner{left: 15px;right: 15px;top: 15px;bottom: 15px;}.uagb-block-e6f939b3.wp-block-uagb-image--layout-overlay .wp-block-uagb-image--layout-overlay__inner .uagb-image-heading{font-style: normal;color: #fff;opacity: 1;}.uagb-block-e6f939b3.wp-block-uagb-image--layout-overlay .wp-block-uagb-image--layout-overlay__inner .uagb-image-heading a{color: #fff;}.uagb-block-e6f939b3.wp-block-uagb-image--layout-overlay .wp-block-uagb-image--layout-overlay__inner .uagb-image-caption{opacity: 0;}.uagb-block-e6f939b3.wp-block-uagb-image--layout-overlay .wp-block-uagb-image__figure:hover .wp-block-uagb-image--layout-overlay__color-wrapper{opacity: 1;}.uagb-block-e6f939b3.wp-block-uagb-image .wp-block-uagb-image--layout-overlay__inner .uagb-image-separator{width: 30%;border-top-width: 2px;border-top-color: #fff;opacity: 0;}.uagb-block-e6f939b3.wp-block-uagb-image .wp-block-uagb-image__figure img{width: px;height: auto;}.uagb-block-e6f939b3.wp-block-uagb-image .wp-block-uagb-image__figure:hover .wp-block-uagb-image--layout-overlay__inner .uagb-image-caption{opacity: 1;}.uagb-block-e6f939b3.wp-block-uagb-image .wp-block-uagb-image__figure:hover .wp-block-uagb-image--layout-overlay__inner .uagb-image-separator{opacity: 1;}.uagb-block-e6f939b3.wp-block-uagb-image--layout-default figure:hover img{box-shadow: 0px 0px 0 #00000070;}.uagb-block-e6f939b3.wp-block-uagb-image--layout-overlay figure:hover img{box-shadow: 0px 0px 0 #00000070;}@media only screen and (max-width: 976px) {.uagb-block-e6f939b3.wp-block-uagb-image .wp-block-uagb-image__figure img{width: px;height: auto;}}@media only screen and (max-width: 767px) {.uagb-block-e6f939b3.wp-block-uagb-image .wp-block-uagb-image__figure img{width: px;height: auto;}}\";s:2:\"js\";s:0:\"\";s:18:\"current_block_list\";a:16:{i:0;s:12:\"core\/heading\";i:1;s:14:\"core\/paragraph\";i:2;s:9:\"core\/list\";i:3;s:14:\"core\/list-item\";i:4;s:11:\"core\/search\";i:5;s:10:\"core\/group\";i:6;s:17:\"core\/latest-posts\";i:7;s:20:\"core\/latest-comments\";i:8;s:13:\"core\/archives\";i:9;s:15:\"core\/categories\";i:10;s:10:\"uagb\/image\";i:11;s:11:\"core\/spacer\";i:12;s:30:\"woocommerce\/product-categories\";i:13;s:18:\"core\/legacy-widget\";i:14;s:10:\"core\/image\";i:15;s:14:\"core\/shortcode\";}s:8:\"uag_flag\";b:1;s:11:\"uag_version\";s:10:\"1776428706\";s:6:\"gfonts\";a:0:{}s:10:\"gfonts_url\";s:0:\"\";s:12:\"gfonts_files\";a:0:{}s:14:\"uag_faq_layout\";b:0;}"]},"uagb_featured_image_src":{"full":false,"thumbnail":false,"medium":false,"medium_large":false,"large":false,"1536x1536":false,"2048x2048":false,"trp-custom-language-flag":false},"uagb_author_info":{"display_name":"admin","author_link":"https:\/\/www.ferberenterprises.com\/de\/author\/admin2721\/"},"uagb_comment_info":0,"uagb_excerpt":"Collection of information We collect information when you register on our site, log into your account, make a purchase, enter a contest, and\/or log out. Information collected includes your name, email address, phone number, and\/or credit card. Additionally, we automatically receive and record information from your computer and browser, including your IP address, software and&hellip;","_links":{"self":[{"href":"https:\/\/www.ferberenterprises.com\/de\/wp-json\/wp\/v2\/pages\/3","targetHints":{"allow":["GET"]}}],"collection":[{"href":"https:\/\/www.ferberenterprises.com\/de\/wp-json\/wp\/v2\/pages"}],"about":[{"href":"https:\/\/www.ferberenterprises.com\/de\/wp-json\/wp\/v2\/types\/page"}],"author":[{"embeddable":true,"href":"https:\/\/www.ferberenterprises.com\/de\/wp-json\/wp\/v2\/users\/1"}],"replies":[{"embeddable":true,"href":"https:\/\/www.ferberenterprises.com\/de\/wp-json\/wp\/v2\/comments?post=3"}],"version-history":[{"count":4,"href":"https:\/\/www.ferberenterprises.com\/de\/wp-json\/wp\/v2\/pages\/3\/revisions"}],"predecessor-version":[{"id":23164,"href":"https:\/\/www.ferberenterprises.com\/de\/wp-json\/wp\/v2\/pages\/3\/revisions\/23164"}],"wp:attachment":[{"href":"https:\/\/www.ferberenterprises.com\/de\/wp-json\/wp\/v2\/media?parent=3"}],"curies":[{"name":"wp","href":"https:\/\/api.w.org\/{rel}","templated":true}]}}